
{"id":7099,"date":"2023-08-18T14:51:59","date_gmt":"2023-08-18T19:51:59","guid":{"rendered":"https:\/\/california-edit.com\/?post_type=product&#038;p=7099"},"modified":"2026-04-03T17:51:44","modified_gmt":"2026-04-03T22:51:44","slug":"si-hubo-futuro-en-el-pasado-aportes-de-rebeca-puchenavarro-a-la-construccion-de-la-psicologia-en-colombia","status":"publish","type":"product","link":"https:\/\/california-edit.com\/index.php\/product\/si-hubo-futuro-en-el-pasado-aportes-de-rebeca-puchenavarro-a-la-construccion-de-la-psicologia-en-colombia\/","title":{"rendered":"\u00a1S\u00ed hubo futuro en el pasado! Aportes de Rebeca PucheNavarro a la construcci\u00f3n de la psicolog\u00eda en Colombia"},"content":{"rendered":"","protected":false},"excerpt":{"rendered":"","protected":false},"featured_media":7098,"comment_status":"open","ping_status":"closed","template":"","meta":{"_monsterinsights_skip_tracking":false,"_monsterinsights_sitenote_active":false,"_monsterinsights_sitenote_note":"","_monsterinsights_sitenote_category":0},"product_cat":[194],"product_tag":[],"class_list":["post-7099","product","type-product","status-publish","has-post-thumbnail","hentry","product_cat-gratuito"],"yoast_head":"<!-- This site is optimized with the Yoast SEO plugin v16.6.1 - https:\/\/yoast.com\/wordpress\/plugins\/seo\/ -->\n<title>\u00a1S\u00ed hubo futuro en el pasado! Aportes de Rebeca PucheNavarro a la construcci\u00f3n de la psicolog\u00eda en Colombia - california-edit<\/title>\n<meta name=\"robots\" content=\"index, follow, max-snippet:-1, max-image-preview:large, max-video-preview:-1\" \/>\n<link rel=\"canonical\" href=\"https:\/\/california-edit.com\/index.php\/product\/si-hubo-futuro-en-el-pasado-aportes-de-rebeca-puchenavarro-a-la-construccion-de-la-psicologia-en-colombia\/\" \/>\n<meta property=\"og:locale\" content=\"es_ES\" \/>\n<meta property=\"og:type\" content=\"article\" \/>\n<meta property=\"og:title\" content=\"\u00a1S\u00ed hubo futuro en el pasado! Aportes de Rebeca PucheNavarro a la construcci\u00f3n de la psicolog\u00eda en Colombia - california-edit\" \/>\n<meta property=\"og:url\" content=\"https:\/\/california-edit.com\/index.php\/product\/si-hubo-futuro-en-el-pasado-aportes-de-rebeca-puchenavarro-a-la-construccion-de-la-psicologia-en-colombia\/\" \/>\n<meta property=\"og:site_name\" content=\"california-edit\" \/>\n<meta property=\"article:publisher\" content=\"https:\/\/www.facebook.com\/califoniaedit\/\" \/>\n<meta property=\"article:modified_time\" content=\"2026-04-03T22:51:44+00:00\" \/>\n<meta property=\"og:image\" content=\"https:\/\/california-edit.com\/wp-content\/uploads\/2023\/08\/futuro_pasado.png\" \/>\n\t<meta property=\"og:image:width\" content=\"373\" \/>\n\t<meta property=\"og:image:height\" content=\"505\" \/>\n<meta name=\"twitter:card\" content=\"summary_large_image\" \/>\n<script type=\"application\/ld+json\" class=\"yoast-schema-graph\">{\"@context\":\"https:\/\/schema.org\",\"@graph\":[{\"@type\":\"Organization\",\"@id\":\"https:\/\/california-edit.com\/#organization\",\"name\":\"California edit\",\"url\":\"https:\/\/california-edit.com\/\",\"sameAs\":[\"https:\/\/www.facebook.com\/califoniaedit\/\",\"https:\/\/www.instagram.com\/californiaedit\/\"],\"logo\":{\"@type\":\"ImageObject\",\"@id\":\"https:\/\/california-edit.com\/#logo\",\"inLanguage\":\"es-CO\",\"url\":\"https:\/\/california-edit.com\/wp-content\/uploads\/2021\/07\/logo.png\",\"contentUrl\":\"https:\/\/california-edit.com\/wp-content\/uploads\/2021\/07\/logo.png\",\"width\":872,\"height\":250,\"caption\":\"California edit\"},\"image\":{\"@id\":\"https:\/\/california-edit.com\/#logo\"}},{\"@type\":\"WebSite\",\"@id\":\"https:\/\/california-edit.com\/#website\",\"url\":\"https:\/\/california-edit.com\/\",\"name\":\"california-edit\",\"description\":\"California edit es una plataforma para la creaci\\u00f3n, y divulgaci\\u00f3n de contenidos digitales.\",\"publisher\":{\"@id\":\"https:\/\/california-edit.com\/#organization\"},\"potentialAction\":[{\"@type\":\"SearchAction\",\"target\":{\"@type\":\"EntryPoint\",\"urlTemplate\":\"https:\/\/california-edit.com\/?s={search_term_string}\"},\"query-input\":\"required name=search_term_string\"}],\"inLanguage\":\"es-CO\"},{\"@type\":\"ImageObject\",\"@id\":\"https:\/\/california-edit.com\/index.php\/product\/si-hubo-futuro-en-el-pasado-aportes-de-rebeca-puchenavarro-a-la-construccion-de-la-psicologia-en-colombia\/#primaryimage\",\"inLanguage\":\"es-CO\",\"url\":\"https:\/\/california-edit.com\/wp-content\/uploads\/2023\/08\/futuro_pasado.png\",\"contentUrl\":\"https:\/\/california-edit.com\/wp-content\/uploads\/2023\/08\/futuro_pasado.png\",\"width\":373,\"height\":505},{\"@type\":\"WebPage\",\"@id\":\"https:\/\/california-edit.com\/index.php\/product\/si-hubo-futuro-en-el-pasado-aportes-de-rebeca-puchenavarro-a-la-construccion-de-la-psicologia-en-colombia\/#webpage\",\"url\":\"https:\/\/california-edit.com\/index.php\/product\/si-hubo-futuro-en-el-pasado-aportes-de-rebeca-puchenavarro-a-la-construccion-de-la-psicologia-en-colombia\/\",\"name\":\"\\u00a1S\\u00ed hubo futuro en el pasado! Aportes de Rebeca PucheNavarro a la construcci\\u00f3n de la psicolog\\u00eda en Colombia - california-edit\",\"isPartOf\":{\"@id\":\"https:\/\/california-edit.com\/#website\"},\"primaryImageOfPage\":{\"@id\":\"https:\/\/california-edit.com\/index.php\/product\/si-hubo-futuro-en-el-pasado-aportes-de-rebeca-puchenavarro-a-la-construccion-de-la-psicologia-en-colombia\/#primaryimage\"},\"datePublished\":\"2023-08-18T19:51:59+00:00\",\"dateModified\":\"2026-04-03T22:51:44+00:00\",\"breadcrumb\":{\"@id\":\"https:\/\/california-edit.com\/index.php\/product\/si-hubo-futuro-en-el-pasado-aportes-de-rebeca-puchenavarro-a-la-construccion-de-la-psicologia-en-colombia\/#breadcrumb\"},\"inLanguage\":\"es-CO\",\"potentialAction\":[{\"@type\":\"ReadAction\",\"target\":[\"https:\/\/california-edit.com\/index.php\/product\/si-hubo-futuro-en-el-pasado-aportes-de-rebeca-puchenavarro-a-la-construccion-de-la-psicologia-en-colombia\/\"]}]},{\"@type\":\"BreadcrumbList\",\"@id\":\"https:\/\/california-edit.com\/index.php\/product\/si-hubo-futuro-en-el-pasado-aportes-de-rebeca-puchenavarro-a-la-construccion-de-la-psicologia-en-colombia\/#breadcrumb\",\"itemListElement\":[{\"@type\":\"ListItem\",\"position\":1,\"name\":\"Home\",\"item\":\"https:\/\/california-edit.com\/\"},{\"@type\":\"ListItem\",\"position\":2,\"name\":\"Shop\",\"item\":\"https:\/\/california-edit.com\/index.php\/shop\/\"},{\"@type\":\"ListItem\",\"position\":3,\"name\":\"\\u00a1S\\u00ed hubo futuro en el pasado! Aportes de Rebeca PucheNavarro a la construcci\\u00f3n de la psicolog\\u00eda en Colombia\"}]}]}<\/script>\n<!-- \/ Yoast SEO plugin. -->","_links":{"self":[{"href":"https:\/\/california-edit.com\/index.php\/wp-json\/wp\/v2\/product\/7099","targetHints":{"allow":["GET"]}}],"collection":[{"href":"https:\/\/california-edit.com\/index.php\/wp-json\/wp\/v2\/product"}],"about":[{"href":"https:\/\/california-edit.com\/index.php\/wp-json\/wp\/v2\/types\/product"}],"replies":[{"embeddable":true,"href":"https:\/\/california-edit.com\/index.php\/wp-json\/wp\/v2\/comments?post=7099"}],"wp:featuredmedia":[{"embeddable":true,"href":"https:\/\/california-edit.com\/index.php\/wp-json\/wp\/v2\/media\/7098"}],"wp:attachment":[{"href":"https:\/\/california-edit.com\/index.php\/wp-json\/wp\/v2\/media?parent=7099"}],"wp:term":[{"taxonomy":"product_cat","embeddable":true,"href":"https:\/\/california-edit.com\/index.php\/wp-json\/wp\/v2\/product_cat?post=7099"},{"taxonomy":"product_tag","embeddable":true,"href":"https:\/\/california-edit.com\/index.php\/wp-json\/wp\/v2\/product_tag?post=7099"}],"curies":[{"name":"wp","href":"https:\/\/api.w.org\/{rel}","templated":true}]}}