
{"id":6819,"date":"2024-03-06T12:57:11","date_gmt":"2024-03-06T17:57:11","guid":{"rendered":"http:\/\/165.227.80.19\/californiaedit\/?post_type=product&#038;p=6819"},"modified":"2026-04-10T10:36:56","modified_gmt":"2026-04-10T15:36:56","slug":"la-voragine","status":"publish","type":"product","link":"https:\/\/california-edit.com\/index.php\/product\/la-voragine\/","title":{"rendered":"La Vor\u00e1gine"},"content":{"rendered":"<p>No es una mera edici\u00f3n m\u00e1s de La vor\u00e1gine, \u00e9sta \u201cda cuenta de ese proceso abierto de reescritura y reapropiaci\u00f3n de la novela que dio inicio con el propio Rivera. Es asimismo un esfuerzo por dar a conocer el arduo trabajo del cr\u00edtico y catedr\u00e1tico Hern\u00e1n Lozano, quien dedic\u00f3 gran parte de sus estudios a producir una edici\u00f3n a la altura del objetivo final de Rivera\u201d. En esa direcci\u00f3n y a partir de una\u00a0 minuciosa \u201ccompulsa exhaustiva de las ediciones autorales y de una investigaci\u00f3n met\u00f3dica, el profesor Lozano se propuso continuar el trabajo del propio Rivera, procediendo en la direcci\u00f3n de las correcciones a las que notoriamente se dirig\u00eda el novelista\u201d. No sobra se\u00f1alar que es una edici\u00f3n que preserva los cuatro mapas y las tres fotograf\u00edas de la primera y segunda edici\u00f3n .<\/p>\n","protected":false},"excerpt":{"rendered":"<p>No es una mera edici\u00f3n m\u00e1s de La vor\u00e1gine, \u00e9sta \u201cda cuenta de ese\u00a0proceso abierto de reescritura y reapropiaci\u00f3n de la novela que dio\u00a0inicio con el propio Rivera. Es asimismo un esfuerzo por dar a conocer el arduo trabajo del cr\u00edtico y catedr\u00e1tico Hern\u00e1n Lozano,\u00a0quien dedic\u00f3 gran parte de sus estudios a producir una edici\u00f3n a la\u00a0altura del objetivo final de Rivera\u201d. En esa direcci\u00f3n y a partir de una\u00a0 minuciosa \u201ccompulsa exhaustiva de las ediciones autorales y de una investigaci\u00f3n met\u00f3dica, el profesor Lozano se propuso continuar el trabajo del propio Rivera, procediendo en la direcci\u00f3n de las\u00a0correcciones a las que notoriamente se dirig\u00eda el novelista\u201d. No sobra\u00a0se\u00f1alar que es una edici\u00f3n que preserva los cuatro mapas y las tres\u00a0fotograf\u00edas de la primera y segunda edici\u00f3n.<\/p>\n","protected":false},"featured_media":6821,"comment_status":"open","ping_status":"closed","template":"","meta":{"_monsterinsights_skip_tracking":false,"_monsterinsights_sitenote_active":false,"_monsterinsights_sitenote_note":"","_monsterinsights_sitenote_category":0},"product_cat":[194],"product_tag":[],"class_list":["post-6819","product","type-product","status-publish","has-post-thumbnail","hentry","product_cat-gratuito"],"yoast_head":"<!-- This site is optimized with the Yoast SEO plugin v16.6.1 - https:\/\/yoast.com\/wordpress\/plugins\/seo\/ -->\n<title>La Vor\u00e1gine - california-edit<\/title>\n<meta name=\"robots\" content=\"index, follow, max-snippet:-1, max-image-preview:large, max-video-preview:-1\" \/>\n<link rel=\"canonical\" href=\"https:\/\/california-edit.com\/index.php\/product\/la-voragine\/\" \/>\n<meta property=\"og:locale\" content=\"es_ES\" \/>\n<meta property=\"og:type\" content=\"article\" \/>\n<meta property=\"og:title\" content=\"La Vor\u00e1gine - california-edit\" \/>\n<meta property=\"og:description\" content=\"No es una mera edici\u00f3n m\u00e1s de La vor\u00e1gine, \u00e9sta \u201cda cuenta de ese\u00a0proceso abierto de reescritura y reapropiaci\u00f3n de la novela que dio\u00a0inicio con el propio Rivera. Es asimismo un esfuerzo por dar a conocer el arduo trabajo del cr\u00edtico y catedr\u00e1tico Hern\u00e1n Lozano,\u00a0quien dedic\u00f3 gran parte de sus estudios a producir una edici\u00f3n a la\u00a0altura del objetivo final de Rivera\u201d. En esa direcci\u00f3n y a partir de una\u00a0 minuciosa \u201ccompulsa exhaustiva de las ediciones autorales y de una investigaci\u00f3n met\u00f3dica, el profesor Lozano se propuso continuar el trabajo del propio Rivera, procediendo en la direcci\u00f3n de las\u00a0correcciones a las que notoriamente se dirig\u00eda el novelista\u201d. No sobra\u00a0se\u00f1alar que es una edici\u00f3n que preserva los cuatro mapas y las tres\u00a0fotograf\u00edas de la primera y segunda edici\u00f3n.\" \/>\n<meta property=\"og:url\" content=\"https:\/\/california-edit.com\/index.php\/product\/la-voragine\/\" \/>\n<meta property=\"og:site_name\" content=\"california-edit\" \/>\n<meta property=\"article:publisher\" content=\"https:\/\/www.facebook.com\/califoniaedit\/\" \/>\n<meta property=\"article:modified_time\" content=\"2026-04-10T15:36:56+00:00\" \/>\n<meta property=\"og:image\" content=\"https:\/\/california-edit.com\/wp-content\/uploads\/2021\/07\/cover-3.jpg\" \/>\n\t<meta property=\"og:image:width\" content=\"600\" \/>\n\t<meta property=\"og:image:height\" content=\"800\" \/>\n<meta name=\"twitter:card\" content=\"summary_large_image\" \/>\n<meta name=\"twitter:label1\" content=\"Tiempo estimado de lectura\" \/>\n\t<meta name=\"twitter:data1\" content=\"1 minuto\" \/>\n<script type=\"application\/ld+json\" class=\"yoast-schema-graph\">{\"@context\":\"https:\/\/schema.org\",\"@graph\":[{\"@type\":\"Organization\",\"@id\":\"https:\/\/california-edit.com\/#organization\",\"name\":\"California edit\",\"url\":\"https:\/\/california-edit.com\/\",\"sameAs\":[\"https:\/\/www.facebook.com\/califoniaedit\/\",\"https:\/\/www.instagram.com\/californiaedit\/\"],\"logo\":{\"@type\":\"ImageObject\",\"@id\":\"https:\/\/california-edit.com\/#logo\",\"inLanguage\":\"es-CO\",\"url\":\"https:\/\/california-edit.com\/wp-content\/uploads\/2021\/07\/logo.png\",\"contentUrl\":\"https:\/\/california-edit.com\/wp-content\/uploads\/2021\/07\/logo.png\",\"width\":872,\"height\":250,\"caption\":\"California edit\"},\"image\":{\"@id\":\"https:\/\/california-edit.com\/#logo\"}},{\"@type\":\"WebSite\",\"@id\":\"https:\/\/california-edit.com\/#website\",\"url\":\"https:\/\/california-edit.com\/\",\"name\":\"california-edit\",\"description\":\"California edit es una plataforma para la creaci\\u00f3n, y divulgaci\\u00f3n de contenidos digitales.\",\"publisher\":{\"@id\":\"https:\/\/california-edit.com\/#organization\"},\"potentialAction\":[{\"@type\":\"SearchAction\",\"target\":{\"@type\":\"EntryPoint\",\"urlTemplate\":\"https:\/\/california-edit.com\/?s={search_term_string}\"},\"query-input\":\"required name=search_term_string\"}],\"inLanguage\":\"es-CO\"},{\"@type\":\"ImageObject\",\"@id\":\"https:\/\/california-edit.com\/index.php\/product\/la-voragine\/#primaryimage\",\"inLanguage\":\"es-CO\",\"url\":\"https:\/\/california-edit.com\/wp-content\/uploads\/2021\/07\/cover-3.jpg\",\"contentUrl\":\"https:\/\/california-edit.com\/wp-content\/uploads\/2021\/07\/cover-3.jpg\",\"width\":600,\"height\":800},{\"@type\":\"WebPage\",\"@id\":\"https:\/\/california-edit.com\/index.php\/product\/la-voragine\/#webpage\",\"url\":\"https:\/\/california-edit.com\/index.php\/product\/la-voragine\/\",\"name\":\"La Vor\\u00e1gine - california-edit\",\"isPartOf\":{\"@id\":\"https:\/\/california-edit.com\/#website\"},\"primaryImageOfPage\":{\"@id\":\"https:\/\/california-edit.com\/index.php\/product\/la-voragine\/#primaryimage\"},\"datePublished\":\"2024-03-06T17:57:11+00:00\",\"dateModified\":\"2026-04-10T15:36:56+00:00\",\"breadcrumb\":{\"@id\":\"https:\/\/california-edit.com\/index.php\/product\/la-voragine\/#breadcrumb\"},\"inLanguage\":\"es-CO\",\"potentialAction\":[{\"@type\":\"ReadAction\",\"target\":[\"https:\/\/california-edit.com\/index.php\/product\/la-voragine\/\"]}]},{\"@type\":\"BreadcrumbList\",\"@id\":\"https:\/\/california-edit.com\/index.php\/product\/la-voragine\/#breadcrumb\",\"itemListElement\":[{\"@type\":\"ListItem\",\"position\":1,\"name\":\"Home\",\"item\":\"https:\/\/california-edit.com\/\"},{\"@type\":\"ListItem\",\"position\":2,\"name\":\"Shop\",\"item\":\"https:\/\/california-edit.com\/index.php\/shop\/\"},{\"@type\":\"ListItem\",\"position\":3,\"name\":\"La Vor\\u00e1gine\"}]}]}<\/script>\n<!-- \/ Yoast SEO plugin. -->","_links":{"self":[{"href":"https:\/\/california-edit.com\/index.php\/wp-json\/wp\/v2\/product\/6819","targetHints":{"allow":["GET"]}}],"collection":[{"href":"https:\/\/california-edit.com\/index.php\/wp-json\/wp\/v2\/product"}],"about":[{"href":"https:\/\/california-edit.com\/index.php\/wp-json\/wp\/v2\/types\/product"}],"replies":[{"embeddable":true,"href":"https:\/\/california-edit.com\/index.php\/wp-json\/wp\/v2\/comments?post=6819"}],"wp:featuredmedia":[{"embeddable":true,"href":"https:\/\/california-edit.com\/index.php\/wp-json\/wp\/v2\/media\/6821"}],"wp:attachment":[{"href":"https:\/\/california-edit.com\/index.php\/wp-json\/wp\/v2\/media?parent=6819"}],"wp:term":[{"taxonomy":"product_cat","embeddable":true,"href":"https:\/\/california-edit.com\/index.php\/wp-json\/wp\/v2\/product_cat?post=6819"},{"taxonomy":"product_tag","embeddable":true,"href":"https:\/\/california-edit.com\/index.php\/wp-json\/wp\/v2\/product_tag?post=6819"}],"curies":[{"name":"wp","href":"https:\/\/api.w.org\/{rel}","templated":true}]}}