
{"id":6813,"date":"2021-07-19T12:37:52","date_gmt":"2021-07-19T17:37:52","guid":{"rendered":"http:\/\/165.227.80.19\/californiaedit\/?post_type=product&#038;p=6813"},"modified":"2026-04-07T05:05:46","modified_gmt":"2026-04-07T10:05:46","slug":"padres-esenciales-o-importantes","status":"publish","type":"product","link":"https:\/\/california-edit.com\/index.php\/product\/padres-esenciales-o-importantes\/","title":{"rendered":"Padres \u00bfEsenciales o Importantes?"},"content":{"rendered":"<p>Acorde con los tiempos la familia evoluciona y cambia, y con ello el papel de los padres. La literatura sobre el papel de las madres en la crianza, abunda, en cambio son escasos o nulos en nuestro entorno, aquellos textos sobre el papel del padre. La obra de Milton E. Berm\u00fadez es justamente eso un estudio acad\u00e9mico sobre un tema poco acad\u00e9mico. Pero tambi\u00e9n se puede afirmar que es en texto psicol\u00f3gico de vanguardia\u00a0que explora de manera rigurosa las implicaciones de este nuevo reto que enfrentan los padres en el momento actual y que trata de comprender ese fen\u00f3meno de la paternidad, tarea siempre inacabada y para lo que se cuenta con pocos estudios.<\/p>\n","protected":false},"excerpt":{"rendered":"<p>Acorde con los tiempos la familia evoluciona y cambia, y con ello el papel de los padres. La literatura sobre el papel de las madres en la crianza, abunda, en cambio son escasos o nulos en nuestro entorno, aquellos textos sobre el papel del padre. La obra de Milton E. Berm\u00fadez es justamente eso un estudio acad\u00e9mico sobre un tema poco acad\u00e9mico. Pero tambi\u00e9n se puede afirmar que es en texto psicol\u00f3gico de vanguardia\u00a0que explora de manera rigurosa las implicaciones de este nuevo reto que enfrentan los padres en el momento actual y que trata de comprender ese fen\u00f3meno de la paternidad, tarea siempre inacabada y para lo que se cuenta con pocos estudios.<\/p>\n","protected":false},"featured_media":6815,"comment_status":"open","ping_status":"closed","template":"","meta":{"_monsterinsights_skip_tracking":false,"_monsterinsights_sitenote_active":false,"_monsterinsights_sitenote_note":"","_monsterinsights_sitenote_category":0},"product_cat":[15],"product_tag":[],"class_list":["post-6813","product","type-product","status-publish","has-post-thumbnail","hentry","product_cat-sin-categoria"],"yoast_head":"<!-- This site is optimized with the Yoast SEO plugin v16.6.1 - https:\/\/yoast.com\/wordpress\/plugins\/seo\/ -->\n<title>Padres \u00bfEsenciales o Importantes? - california-edit<\/title>\n<meta name=\"robots\" content=\"index, follow, max-snippet:-1, max-image-preview:large, max-video-preview:-1\" \/>\n<link rel=\"canonical\" href=\"https:\/\/california-edit.com\/index.php\/product\/padres-esenciales-o-importantes\/\" \/>\n<meta property=\"og:locale\" content=\"es_ES\" \/>\n<meta property=\"og:type\" content=\"article\" \/>\n<meta property=\"og:title\" content=\"Padres \u00bfEsenciales o Importantes? - california-edit\" \/>\n<meta property=\"og:description\" content=\"Acorde con los tiempos la familia evoluciona y cambia, y con ello el papel de los padres. La literatura sobre el papel de las madres en la crianza, abunda, en cambio son escasos o nulos en nuestro entorno, aquellos textos sobre el papel del padre. La obra de Milton E. Berm\u00fadez es justamente eso un estudio acad\u00e9mico sobre un tema poco acad\u00e9mico. Pero tambi\u00e9n se puede afirmar que es en texto psicol\u00f3gico de vanguardia\u00a0que explora de manera rigurosa las implicaciones de este nuevo reto que enfrentan los padres en el momento actual y que trata de comprender ese fen\u00f3meno de la paternidad, tarea siempre inacabada y para lo que se cuenta con pocos estudios.\" \/>\n<meta property=\"og:url\" content=\"https:\/\/california-edit.com\/index.php\/product\/padres-esenciales-o-importantes\/\" \/>\n<meta property=\"og:site_name\" content=\"california-edit\" \/>\n<meta property=\"article:publisher\" content=\"https:\/\/www.facebook.com\/califoniaedit\/\" \/>\n<meta property=\"article:modified_time\" content=\"2026-04-07T10:05:46+00:00\" \/>\n<meta property=\"og:image\" content=\"https:\/\/california-edit.com\/wp-content\/uploads\/2021\/07\/Cover-padres-scaled-1.jpg\" \/>\n\t<meta property=\"og:image:width\" content=\"1978\" \/>\n\t<meta property=\"og:image:height\" content=\"2560\" \/>\n<meta name=\"twitter:card\" content=\"summary_large_image\" \/>\n<meta name=\"twitter:label1\" content=\"Tiempo estimado de lectura\" \/>\n\t<meta name=\"twitter:data1\" content=\"1 minuto\" \/>\n<script type=\"application\/ld+json\" class=\"yoast-schema-graph\">{\"@context\":\"https:\/\/schema.org\",\"@graph\":[{\"@type\":\"Organization\",\"@id\":\"https:\/\/california-edit.com\/#organization\",\"name\":\"California edit\",\"url\":\"https:\/\/california-edit.com\/\",\"sameAs\":[\"https:\/\/www.facebook.com\/califoniaedit\/\",\"https:\/\/www.instagram.com\/californiaedit\/\"],\"logo\":{\"@type\":\"ImageObject\",\"@id\":\"https:\/\/california-edit.com\/#logo\",\"inLanguage\":\"es-CO\",\"url\":\"https:\/\/california-edit.com\/wp-content\/uploads\/2021\/07\/logo.png\",\"contentUrl\":\"https:\/\/california-edit.com\/wp-content\/uploads\/2021\/07\/logo.png\",\"width\":872,\"height\":250,\"caption\":\"California edit\"},\"image\":{\"@id\":\"https:\/\/california-edit.com\/#logo\"}},{\"@type\":\"WebSite\",\"@id\":\"https:\/\/california-edit.com\/#website\",\"url\":\"https:\/\/california-edit.com\/\",\"name\":\"california-edit\",\"description\":\"California edit es una plataforma para la creaci\\u00f3n, y divulgaci\\u00f3n de contenidos digitales.\",\"publisher\":{\"@id\":\"https:\/\/california-edit.com\/#organization\"},\"potentialAction\":[{\"@type\":\"SearchAction\",\"target\":{\"@type\":\"EntryPoint\",\"urlTemplate\":\"https:\/\/california-edit.com\/?s={search_term_string}\"},\"query-input\":\"required name=search_term_string\"}],\"inLanguage\":\"es-CO\"},{\"@type\":\"ImageObject\",\"@id\":\"https:\/\/california-edit.com\/index.php\/product\/padres-esenciales-o-importantes\/#primaryimage\",\"inLanguage\":\"es-CO\",\"url\":\"https:\/\/california-edit.com\/wp-content\/uploads\/2021\/07\/Cover-padres-scaled-1.jpg\",\"contentUrl\":\"https:\/\/california-edit.com\/wp-content\/uploads\/2021\/07\/Cover-padres-scaled-1.jpg\",\"width\":1978,\"height\":2560},{\"@type\":\"WebPage\",\"@id\":\"https:\/\/california-edit.com\/index.php\/product\/padres-esenciales-o-importantes\/#webpage\",\"url\":\"https:\/\/california-edit.com\/index.php\/product\/padres-esenciales-o-importantes\/\",\"name\":\"Padres \\u00bfEsenciales o Importantes? - california-edit\",\"isPartOf\":{\"@id\":\"https:\/\/california-edit.com\/#website\"},\"primaryImageOfPage\":{\"@id\":\"https:\/\/california-edit.com\/index.php\/product\/padres-esenciales-o-importantes\/#primaryimage\"},\"datePublished\":\"2021-07-19T17:37:52+00:00\",\"dateModified\":\"2026-04-07T10:05:46+00:00\",\"breadcrumb\":{\"@id\":\"https:\/\/california-edit.com\/index.php\/product\/padres-esenciales-o-importantes\/#breadcrumb\"},\"inLanguage\":\"es-CO\",\"potentialAction\":[{\"@type\":\"ReadAction\",\"target\":[\"https:\/\/california-edit.com\/index.php\/product\/padres-esenciales-o-importantes\/\"]}]},{\"@type\":\"BreadcrumbList\",\"@id\":\"https:\/\/california-edit.com\/index.php\/product\/padres-esenciales-o-importantes\/#breadcrumb\",\"itemListElement\":[{\"@type\":\"ListItem\",\"position\":1,\"name\":\"Home\",\"item\":\"https:\/\/california-edit.com\/\"},{\"@type\":\"ListItem\",\"position\":2,\"name\":\"Shop\",\"item\":\"https:\/\/california-edit.com\/index.php\/shop\/\"},{\"@type\":\"ListItem\",\"position\":3,\"name\":\"Padres \\u00bfEsenciales o Importantes?\"}]}]}<\/script>\n<!-- \/ Yoast SEO plugin. -->","_links":{"self":[{"href":"https:\/\/california-edit.com\/index.php\/wp-json\/wp\/v2\/product\/6813","targetHints":{"allow":["GET"]}}],"collection":[{"href":"https:\/\/california-edit.com\/index.php\/wp-json\/wp\/v2\/product"}],"about":[{"href":"https:\/\/california-edit.com\/index.php\/wp-json\/wp\/v2\/types\/product"}],"replies":[{"embeddable":true,"href":"https:\/\/california-edit.com\/index.php\/wp-json\/wp\/v2\/comments?post=6813"}],"wp:featuredmedia":[{"embeddable":true,"href":"https:\/\/california-edit.com\/index.php\/wp-json\/wp\/v2\/media\/6815"}],"wp:attachment":[{"href":"https:\/\/california-edit.com\/index.php\/wp-json\/wp\/v2\/media?parent=6813"}],"wp:term":[{"taxonomy":"product_cat","embeddable":true,"href":"https:\/\/california-edit.com\/index.php\/wp-json\/wp\/v2\/product_cat?post=6813"},{"taxonomy":"product_tag","embeddable":true,"href":"https:\/\/california-edit.com\/index.php\/wp-json\/wp\/v2\/product_tag?post=6813"}],"curies":[{"name":"wp","href":"https:\/\/api.w.org\/{rel}","templated":true}]}}