
{"id":6810,"date":"2021-07-19T12:22:36","date_gmt":"2021-07-19T17:22:36","guid":{"rendered":"http:\/\/165.227.80.19\/californiaedit\/?post_type=product&#038;p=6810"},"modified":"2025-12-03T21:49:41","modified_gmt":"2025-12-04T02:49:41","slug":"1-2-3-hasta-mil-la-aritmetica-de-los-ninos","status":"publish","type":"product","link":"https:\/\/california-edit.com\/index.php\/product\/1-2-3-hasta-mil-la-aritmetica-de-los-ninos\/","title":{"rendered":"1, 2, 3, hasta mil. La aritm\u00e9tica de los ni\u00f1os"},"content":{"rendered":"<p>Este libro de la profesora Mariela Orozco es el resultado de largos a\u00f1os de estudio de la mente del ni\u00f1o, en lo que tiene que ver con las formas como ellos empiezan a pensar la aritm\u00e9tica, espec\u00edficamente los n\u00fameros naturales. Un libro que nos muestra c\u00f3mo descifra y c\u00f3mo piensa el ni\u00f1o la aritm\u00e9tica, para desde all\u00ed acompa\u00f1arlo en esa construcci\u00f3n. Un camino que corresponde a la m\u00e1s cl\u00e1sica y f\u00e9rtil de la tradici\u00f3n piagetiana. Ese camino que la profesora Orozco ha recorrido es la v\u00eda para mostrarle a profesoras, jardineras, padres y acompa\u00f1antes lo que hab\u00eda que hacer en el proceso de ense\u00f1anza. Finalmente hay que decir que el trabajo realizado por la profesora Orozco se caracteriz\u00f3 por realizarlo en los barrios m\u00e1s vulnerables de Cali, porque es all\u00ed donde hay que ofrecerles a esos ni\u00f1os las mejores herramientas. Y en buena parte es lo que ofrece en este libro.<\/p>\n","protected":false},"excerpt":{"rendered":"<p>Este libro de la profesora Mariela Orozco es el resultado de largos a\u00f1os de estudio de la mente del ni\u00f1o, en lo que tiene que ver con las formas como ellos empiezan a pensar la aritm\u00e9tica, espec\u00edficamente los n\u00fameros naturales. &hellip; <a href=\"https:\/\/california-edit.com\/index.php\/product\/1-2-3-hasta-mil-la-aritmetica-de-los-ninos\/\">Readmore<\/a><\/p>\n","protected":false},"featured_media":6812,"comment_status":"open","ping_status":"closed","template":"","meta":{"_monsterinsights_skip_tracking":false,"_monsterinsights_sitenote_active":false,"_monsterinsights_sitenote_note":"","_monsterinsights_sitenote_category":0},"product_cat":[194],"product_tag":[],"class_list":["post-6810","product","type-product","status-publish","has-post-thumbnail","hentry","product_cat-gratuito"],"yoast_head":"<!-- This site is optimized with the Yoast SEO plugin v16.6.1 - https:\/\/yoast.com\/wordpress\/plugins\/seo\/ -->\n<title>1, 2, 3, hasta mil. La aritm\u00e9tica de los ni\u00f1os - california-edit<\/title>\n<meta name=\"robots\" content=\"index, follow, max-snippet:-1, max-image-preview:large, max-video-preview:-1\" \/>\n<link rel=\"canonical\" href=\"https:\/\/california-edit.com\/index.php\/product\/1-2-3-hasta-mil-la-aritmetica-de-los-ninos\/\" \/>\n<meta property=\"og:locale\" content=\"es_ES\" \/>\n<meta property=\"og:type\" content=\"article\" \/>\n<meta property=\"og:title\" content=\"1, 2, 3, hasta mil. La aritm\u00e9tica de los ni\u00f1os - california-edit\" \/>\n<meta property=\"og:description\" content=\"Este libro de la profesora Mariela Orozco es el resultado de largos a\u00f1os de estudio de la mente del ni\u00f1o, en lo que tiene que ver con las formas como ellos empiezan a pensar la aritm\u00e9tica, espec\u00edficamente los n\u00fameros naturales. &hellip; Readmore\" \/>\n<meta property=\"og:url\" content=\"https:\/\/california-edit.com\/index.php\/product\/1-2-3-hasta-mil-la-aritmetica-de-los-ninos\/\" \/>\n<meta property=\"og:site_name\" content=\"california-edit\" \/>\n<meta property=\"article:publisher\" content=\"https:\/\/www.facebook.com\/califoniaedit\/\" \/>\n<meta property=\"article:modified_time\" content=\"2025-12-04T02:49:41+00:00\" \/>\n<meta property=\"og:image\" content=\"https:\/\/california-edit.com\/wp-content\/uploads\/2021\/07\/cover-2.jpg\" \/>\n\t<meta property=\"og:image:width\" content=\"600\" \/>\n\t<meta property=\"og:image:height\" content=\"800\" \/>\n<meta name=\"twitter:card\" content=\"summary_large_image\" \/>\n<meta name=\"twitter:label1\" content=\"Tiempo estimado de lectura\" \/>\n\t<meta name=\"twitter:data1\" content=\"1 minuto\" \/>\n<script type=\"application\/ld+json\" class=\"yoast-schema-graph\">{\"@context\":\"https:\/\/schema.org\",\"@graph\":[{\"@type\":\"Organization\",\"@id\":\"https:\/\/california-edit.com\/#organization\",\"name\":\"California edit\",\"url\":\"https:\/\/california-edit.com\/\",\"sameAs\":[\"https:\/\/www.facebook.com\/califoniaedit\/\",\"https:\/\/www.instagram.com\/californiaedit\/\"],\"logo\":{\"@type\":\"ImageObject\",\"@id\":\"https:\/\/california-edit.com\/#logo\",\"inLanguage\":\"es-CO\",\"url\":\"https:\/\/california-edit.com\/wp-content\/uploads\/2021\/07\/logo.png\",\"contentUrl\":\"https:\/\/california-edit.com\/wp-content\/uploads\/2021\/07\/logo.png\",\"width\":872,\"height\":250,\"caption\":\"California edit\"},\"image\":{\"@id\":\"https:\/\/california-edit.com\/#logo\"}},{\"@type\":\"WebSite\",\"@id\":\"https:\/\/california-edit.com\/#website\",\"url\":\"https:\/\/california-edit.com\/\",\"name\":\"california-edit\",\"description\":\"California edit es una plataforma para la creaci\\u00f3n, y divulgaci\\u00f3n de contenidos digitales.\",\"publisher\":{\"@id\":\"https:\/\/california-edit.com\/#organization\"},\"potentialAction\":[{\"@type\":\"SearchAction\",\"target\":{\"@type\":\"EntryPoint\",\"urlTemplate\":\"https:\/\/california-edit.com\/?s={search_term_string}\"},\"query-input\":\"required name=search_term_string\"}],\"inLanguage\":\"es-CO\"},{\"@type\":\"ImageObject\",\"@id\":\"https:\/\/california-edit.com\/index.php\/product\/1-2-3-hasta-mil-la-aritmetica-de-los-ninos\/#primaryimage\",\"inLanguage\":\"es-CO\",\"url\":\"https:\/\/california-edit.com\/wp-content\/uploads\/2021\/07\/cover-2.jpg\",\"contentUrl\":\"https:\/\/california-edit.com\/wp-content\/uploads\/2021\/07\/cover-2.jpg\",\"width\":600,\"height\":800},{\"@type\":\"WebPage\",\"@id\":\"https:\/\/california-edit.com\/index.php\/product\/1-2-3-hasta-mil-la-aritmetica-de-los-ninos\/#webpage\",\"url\":\"https:\/\/california-edit.com\/index.php\/product\/1-2-3-hasta-mil-la-aritmetica-de-los-ninos\/\",\"name\":\"1, 2, 3, hasta mil. La aritm\\u00e9tica de los ni\\u00f1os - california-edit\",\"isPartOf\":{\"@id\":\"https:\/\/california-edit.com\/#website\"},\"primaryImageOfPage\":{\"@id\":\"https:\/\/california-edit.com\/index.php\/product\/1-2-3-hasta-mil-la-aritmetica-de-los-ninos\/#primaryimage\"},\"datePublished\":\"2021-07-19T17:22:36+00:00\",\"dateModified\":\"2025-12-04T02:49:41+00:00\",\"breadcrumb\":{\"@id\":\"https:\/\/california-edit.com\/index.php\/product\/1-2-3-hasta-mil-la-aritmetica-de-los-ninos\/#breadcrumb\"},\"inLanguage\":\"es-CO\",\"potentialAction\":[{\"@type\":\"ReadAction\",\"target\":[\"https:\/\/california-edit.com\/index.php\/product\/1-2-3-hasta-mil-la-aritmetica-de-los-ninos\/\"]}]},{\"@type\":\"BreadcrumbList\",\"@id\":\"https:\/\/california-edit.com\/index.php\/product\/1-2-3-hasta-mil-la-aritmetica-de-los-ninos\/#breadcrumb\",\"itemListElement\":[{\"@type\":\"ListItem\",\"position\":1,\"name\":\"Home\",\"item\":\"https:\/\/california-edit.com\/\"},{\"@type\":\"ListItem\",\"position\":2,\"name\":\"Shop\",\"item\":\"https:\/\/california-edit.com\/index.php\/shop\/\"},{\"@type\":\"ListItem\",\"position\":3,\"name\":\"1, 2, 3, hasta mil. La aritm\\u00e9tica de los ni\\u00f1os\"}]}]}<\/script>\n<!-- \/ Yoast SEO plugin. -->","_links":{"self":[{"href":"https:\/\/california-edit.com\/index.php\/wp-json\/wp\/v2\/product\/6810","targetHints":{"allow":["GET"]}}],"collection":[{"href":"https:\/\/california-edit.com\/index.php\/wp-json\/wp\/v2\/product"}],"about":[{"href":"https:\/\/california-edit.com\/index.php\/wp-json\/wp\/v2\/types\/product"}],"replies":[{"embeddable":true,"href":"https:\/\/california-edit.com\/index.php\/wp-json\/wp\/v2\/comments?post=6810"}],"wp:featuredmedia":[{"embeddable":true,"href":"https:\/\/california-edit.com\/index.php\/wp-json\/wp\/v2\/media\/6812"}],"wp:attachment":[{"href":"https:\/\/california-edit.com\/index.php\/wp-json\/wp\/v2\/media?parent=6810"}],"wp:term":[{"taxonomy":"product_cat","embeddable":true,"href":"https:\/\/california-edit.com\/index.php\/wp-json\/wp\/v2\/product_cat?post=6810"},{"taxonomy":"product_tag","embeddable":true,"href":"https:\/\/california-edit.com\/index.php\/wp-json\/wp\/v2\/product_tag?post=6810"}],"curies":[{"name":"wp","href":"https:\/\/api.w.org\/{rel}","templated":true}]}}