
{"id":6807,"date":"2021-07-19T12:15:25","date_gmt":"2021-07-19T17:15:25","guid":{"rendered":"http:\/\/165.227.80.19\/californiaedit\/?post_type=product&#038;p=6807"},"modified":"2026-04-04T01:50:08","modified_gmt":"2026-04-04T06:50:08","slug":"la-certeza-de-la-emergencia-reflexiones-desde-una-ciencia-de-sistemas-del-desarrollo-2","status":"publish","type":"product","link":"https:\/\/california-edit.com\/index.php\/product\/la-certeza-de-la-emergencia-reflexiones-desde-una-ciencia-de-sistemas-del-desarrollo-2\/","title":{"rendered":"La certeza de la emergencia Reflexiones desde una ciencia de sistemas del desarrollo"},"content":{"rendered":"<div class=\"woocommerce-product-details__short-description\">\n<p>Jaan Valsiner quien prologa este libro, lo cataloga de \u201chito importante\u201d, y sigue diciendo que recopila las l\u00edneas de un trabajo donde se puede trazar un itinerario que va de lo m\u00e1s sensible del pensamiento piagetiano hasta los modelos de los sistemas din\u00e1micos. El primer cap\u00edtulo es una entrevista que puede ser la mejor introducci\u00f3n y que resulta \u201ciluminante\u201d, all\u00ed el concepto de emergencia fluye, en contraste con otros formatos desde donde puede ser m\u00e1s dif\u00edcil de entender. Los otros cap\u00edtulos tanto los conceptuales hasta el cap\u00edtulo donde se entregan ilustraciones de su evidencia, abren todos un buen panorama de la emergencia como proceso conceptual, mostrando como ella hace retumbar los cimientos tradicionales dando paso a la reorganizaci\u00f3n necesaria de la psicolog\u00eda del desarrollo.<\/p>\n<\/div>\n","protected":false},"excerpt":{"rendered":"<p>Jaan Valsiner quien prologa este libro, lo cataloga de \u201chito importante\u201d, y sigue diciendo que recopila las l\u00edneas de un trabajo donde se puede trazar un itinerario que va de lo m\u00e1s sensible del pensamiento piagetiano hasta los modelos de los sistemas din\u00e1micos. El primer cap\u00edtulo es una entrevista que puede ser la mejor introducci\u00f3n y que resulta \u201ciluminante\u201d, all\u00ed el concepto de emergencia fluye, en contraste con otros formatos desde donde puede ser m\u00e1s dif\u00edcil de entender. Los otros cap\u00edtulos tanto los conceptuales hasta el cap\u00edtulo donde se entregan ilustraciones de su evidencia, abren todos un buen panorama de la emergencia como proceso conceptual, mostrando como ella hace retumbar los cimientos tradicionales dando paso a la reorganizaci\u00f3n necesaria de la psicolog\u00eda del desarrollo.<\/p>\n","protected":false},"featured_media":6809,"comment_status":"open","ping_status":"closed","template":"","meta":{"_monsterinsights_skip_tracking":false,"_monsterinsights_sitenote_active":false,"_monsterinsights_sitenote_note":"","_monsterinsights_sitenote_category":0},"product_cat":[15],"product_tag":[],"class_list":["post-6807","product","type-product","status-publish","has-post-thumbnail","hentry","product_cat-sin-categoria"],"yoast_head":"<!-- This site is optimized with the Yoast SEO plugin v16.6.1 - https:\/\/yoast.com\/wordpress\/plugins\/seo\/ -->\n<title>La certeza de la emergencia Reflexiones desde una ciencia de sistemas del desarrollo - california-edit<\/title>\n<meta name=\"robots\" content=\"index, follow, max-snippet:-1, max-image-preview:large, max-video-preview:-1\" \/>\n<link rel=\"canonical\" href=\"https:\/\/california-edit.com\/index.php\/product\/la-certeza-de-la-emergencia-reflexiones-desde-una-ciencia-de-sistemas-del-desarrollo-2\/\" \/>\n<meta property=\"og:locale\" content=\"es_ES\" \/>\n<meta property=\"og:type\" content=\"article\" \/>\n<meta property=\"og:title\" content=\"La certeza de la emergencia Reflexiones desde una ciencia de sistemas del desarrollo - california-edit\" \/>\n<meta property=\"og:description\" content=\"Jaan Valsiner quien prologa este libro, lo cataloga de \u201chito importante\u201d, y sigue diciendo que recopila las l\u00edneas de un trabajo donde se puede trazar un itinerario que va de lo m\u00e1s sensible del pensamiento piagetiano hasta los modelos de los sistemas din\u00e1micos. El primer cap\u00edtulo es una entrevista que puede ser la mejor introducci\u00f3n y que resulta \u201ciluminante\u201d, all\u00ed el concepto de emergencia fluye, en contraste con otros formatos desde donde puede ser m\u00e1s dif\u00edcil de entender. Los otros cap\u00edtulos tanto los conceptuales hasta el cap\u00edtulo donde se entregan ilustraciones de su evidencia, abren todos un buen panorama de la emergencia como proceso conceptual, mostrando como ella hace retumbar los cimientos tradicionales dando paso a la reorganizaci\u00f3n necesaria de la psicolog\u00eda del desarrollo.\" \/>\n<meta property=\"og:url\" content=\"https:\/\/california-edit.com\/index.php\/product\/la-certeza-de-la-emergencia-reflexiones-desde-una-ciencia-de-sistemas-del-desarrollo-2\/\" \/>\n<meta property=\"og:site_name\" content=\"california-edit\" \/>\n<meta property=\"article:publisher\" content=\"https:\/\/www.facebook.com\/califoniaedit\/\" \/>\n<meta property=\"article:modified_time\" content=\"2026-04-04T06:50:08+00:00\" \/>\n<meta property=\"og:image\" content=\"https:\/\/california-edit.com\/wp-content\/uploads\/2021\/07\/la-certeza-de-la-emergencia-1.jpg\" \/>\n\t<meta property=\"og:image:width\" content=\"600\" \/>\n\t<meta property=\"og:image:height\" content=\"800\" \/>\n<meta name=\"twitter:card\" content=\"summary_large_image\" \/>\n<meta name=\"twitter:label1\" content=\"Tiempo estimado de lectura\" \/>\n\t<meta name=\"twitter:data1\" content=\"1 minuto\" \/>\n<script type=\"application\/ld+json\" class=\"yoast-schema-graph\">{\"@context\":\"https:\/\/schema.org\",\"@graph\":[{\"@type\":\"Organization\",\"@id\":\"https:\/\/california-edit.com\/#organization\",\"name\":\"California edit\",\"url\":\"https:\/\/california-edit.com\/\",\"sameAs\":[\"https:\/\/www.facebook.com\/califoniaedit\/\",\"https:\/\/www.instagram.com\/californiaedit\/\"],\"logo\":{\"@type\":\"ImageObject\",\"@id\":\"https:\/\/california-edit.com\/#logo\",\"inLanguage\":\"es-CO\",\"url\":\"https:\/\/california-edit.com\/wp-content\/uploads\/2021\/07\/logo.png\",\"contentUrl\":\"https:\/\/california-edit.com\/wp-content\/uploads\/2021\/07\/logo.png\",\"width\":872,\"height\":250,\"caption\":\"California edit\"},\"image\":{\"@id\":\"https:\/\/california-edit.com\/#logo\"}},{\"@type\":\"WebSite\",\"@id\":\"https:\/\/california-edit.com\/#website\",\"url\":\"https:\/\/california-edit.com\/\",\"name\":\"california-edit\",\"description\":\"California edit es una plataforma para la creaci\\u00f3n, y divulgaci\\u00f3n de contenidos digitales.\",\"publisher\":{\"@id\":\"https:\/\/california-edit.com\/#organization\"},\"potentialAction\":[{\"@type\":\"SearchAction\",\"target\":{\"@type\":\"EntryPoint\",\"urlTemplate\":\"https:\/\/california-edit.com\/?s={search_term_string}\"},\"query-input\":\"required name=search_term_string\"}],\"inLanguage\":\"es-CO\"},{\"@type\":\"ImageObject\",\"@id\":\"https:\/\/california-edit.com\/index.php\/product\/la-certeza-de-la-emergencia-reflexiones-desde-una-ciencia-de-sistemas-del-desarrollo-2\/#primaryimage\",\"inLanguage\":\"es-CO\",\"url\":\"https:\/\/california-edit.com\/wp-content\/uploads\/2021\/07\/la-certeza-de-la-emergencia-1.jpg\",\"contentUrl\":\"https:\/\/california-edit.com\/wp-content\/uploads\/2021\/07\/la-certeza-de-la-emergencia-1.jpg\",\"width\":600,\"height\":800},{\"@type\":\"WebPage\",\"@id\":\"https:\/\/california-edit.com\/index.php\/product\/la-certeza-de-la-emergencia-reflexiones-desde-una-ciencia-de-sistemas-del-desarrollo-2\/#webpage\",\"url\":\"https:\/\/california-edit.com\/index.php\/product\/la-certeza-de-la-emergencia-reflexiones-desde-una-ciencia-de-sistemas-del-desarrollo-2\/\",\"name\":\"La certeza de la emergencia Reflexiones desde una ciencia de sistemas del desarrollo - california-edit\",\"isPartOf\":{\"@id\":\"https:\/\/california-edit.com\/#website\"},\"primaryImageOfPage\":{\"@id\":\"https:\/\/california-edit.com\/index.php\/product\/la-certeza-de-la-emergencia-reflexiones-desde-una-ciencia-de-sistemas-del-desarrollo-2\/#primaryimage\"},\"datePublished\":\"2021-07-19T17:15:25+00:00\",\"dateModified\":\"2026-04-04T06:50:08+00:00\",\"breadcrumb\":{\"@id\":\"https:\/\/california-edit.com\/index.php\/product\/la-certeza-de-la-emergencia-reflexiones-desde-una-ciencia-de-sistemas-del-desarrollo-2\/#breadcrumb\"},\"inLanguage\":\"es-CO\",\"potentialAction\":[{\"@type\":\"ReadAction\",\"target\":[\"https:\/\/california-edit.com\/index.php\/product\/la-certeza-de-la-emergencia-reflexiones-desde-una-ciencia-de-sistemas-del-desarrollo-2\/\"]}]},{\"@type\":\"BreadcrumbList\",\"@id\":\"https:\/\/california-edit.com\/index.php\/product\/la-certeza-de-la-emergencia-reflexiones-desde-una-ciencia-de-sistemas-del-desarrollo-2\/#breadcrumb\",\"itemListElement\":[{\"@type\":\"ListItem\",\"position\":1,\"name\":\"Home\",\"item\":\"https:\/\/california-edit.com\/\"},{\"@type\":\"ListItem\",\"position\":2,\"name\":\"Shop\",\"item\":\"https:\/\/california-edit.com\/index.php\/shop\/\"},{\"@type\":\"ListItem\",\"position\":3,\"name\":\"La certeza de la emergencia Reflexiones desde una ciencia de sistemas del desarrollo\"}]}]}<\/script>\n<!-- \/ Yoast SEO plugin. -->","_links":{"self":[{"href":"https:\/\/california-edit.com\/index.php\/wp-json\/wp\/v2\/product\/6807","targetHints":{"allow":["GET"]}}],"collection":[{"href":"https:\/\/california-edit.com\/index.php\/wp-json\/wp\/v2\/product"}],"about":[{"href":"https:\/\/california-edit.com\/index.php\/wp-json\/wp\/v2\/types\/product"}],"replies":[{"embeddable":true,"href":"https:\/\/california-edit.com\/index.php\/wp-json\/wp\/v2\/comments?post=6807"}],"wp:featuredmedia":[{"embeddable":true,"href":"https:\/\/california-edit.com\/index.php\/wp-json\/wp\/v2\/media\/6809"}],"wp:attachment":[{"href":"https:\/\/california-edit.com\/index.php\/wp-json\/wp\/v2\/media?parent=6807"}],"wp:term":[{"taxonomy":"product_cat","embeddable":true,"href":"https:\/\/california-edit.com\/index.php\/wp-json\/wp\/v2\/product_cat?post=6807"},{"taxonomy":"product_tag","embeddable":true,"href":"https:\/\/california-edit.com\/index.php\/wp-json\/wp\/v2\/product_tag?post=6807"}],"curies":[{"name":"wp","href":"https:\/\/api.w.org\/{rel}","templated":true}]}}