
{"id":6804,"date":"2021-07-19T12:10:05","date_gmt":"2021-07-19T17:10:05","guid":{"rendered":"http:\/\/165.227.80.19\/californiaedit\/?post_type=product&#038;p=6804"},"modified":"2026-04-16T18:37:38","modified_gmt":"2026-04-16T23:37:38","slug":"perfecto-e-imperfecto","status":"publish","type":"product","link":"https:\/\/california-edit.com\/index.php\/product\/perfecto-e-imperfecto\/","title":{"rendered":"Perfecto e imperfecto"},"content":{"rendered":"<p>\u00c9ste aforismo de Juan Ram\u00f3n Jim\u00e9nez, espl\u00e9ndida y muy afortunadamente elegido por el autor como t\u00edtulo encierra buena parte de la indagaci\u00f3n que se abre en este texto. Se dice que la complejidad, caos, fractales, postmodernismo, borrosidad, identidad, globalizaci\u00f3n, son los hitos que abren el espacio para nueva manera de entender los fen\u00f3menos sociales. Y nadie mejor que F. Munn\u00e9 para explicarnos de manera clara, concisa y con una pluma espl\u00e9ndida, el paradigma que determinar\u00e1 el trabajo en las ciencias humanas en este milenio.<\/p>\n","protected":false},"excerpt":{"rendered":"<p>\u00c9ste aforismo de Juan Ram\u00f3n Jim\u00e9nez, espl\u00e9ndida y muy afortunadamente elegido por el autor como t\u00edtulo encierra buena parte de la indagaci\u00f3n que se abre en este texto. Se dice que la complejidad, caos, fractales, postmodernismo, borrosidad, identidad, globalizaci\u00f3n, son los hitos que abren el espacio para nueva manera de entender los fen\u00f3menos sociales. Y nadie mejor que F. Munn\u00e9 para explicarnos de manera clara, concisa y con una pluma espl\u00e9ndida, el paradigma que determinar\u00e1 el trabajo en las ciencias humanas en este milenio. El texto demuestra un .conocimiento cabal de las teor\u00edas que tratan de explicar la complejidad humana basado en las teor\u00edas de las ciencias de la naturaleza. Este terreno aun inexplorado no es de f\u00e1cil acceso, se puede pensar que esa es su mayor dificultad, no obstante el profesor Munn\u00e9 suaviza su introducci\u00f3n a esas \u00e1reas. Ahora bien, la dificultad que puede presentar la comprensi\u00f3n de la complejidad es proporcional al cambio que ella produce en quien se introduce en ese horizonte.<\/p>\n<div><label class=\"titulo\">Tabla de contenido<\/label><\/div>\n<div><label class=\"titulo\">Pr\u00f3logo<\/label><\/div>\n<div><label class=\"titulo\">I<\/label>M\u00e1s all\u00e1 del postmodernismo<\/div>\n<div><label class=\"titulo\">1.<\/label>El declive del postmodernismo y la emergencia de la complejidad<\/div>\n<div><label class=\"titulo\">II<\/label>Hacia una psicolog\u00eda compleja<\/div>\n<div><label class=\"titulo\">2.<\/label>Caos, fractales y otras complejidades del comportamiento humano<\/div>\n<div><label class=\"titulo\">3.<\/label>Qu\u00e9 es la complejidad<\/div>\n<div><label class=\"titulo\">III<\/label>La complejidad del grupo humano<\/div>\n<div><label class=\"titulo\">4.<\/label>El retorno de la complejidad y la nueva imagen del ser humano<\/div>\n<div><label class=\"titulo\">5.<\/label>Sin caos no hay grupo<\/div>\n<div><label class=\"titulo\">6.<\/label>Transdiscipinariedad y complejidad del grupo humano<\/div>\n<div><label class=\"titulo\">IV<\/label>La complejidad de la persona<\/div>\n<div><label class=\"titulo\">7.<\/label>Paradojas de la identidad personal<\/div>\n<div><label class=\"titulo\">8.<\/label>Cuatro caras de la mismidad<\/div>\n<div><label class=\"titulo\">9.<\/label>Entre la libertad y el determinismo<\/div>\n<div><label class=\"titulo\">10.<\/label>De la globalizaci\u00f3n del mundo a la globalizaci\u00f3n de la mente<\/div>\n","protected":false},"featured_media":6806,"comment_status":"open","ping_status":"closed","template":"","meta":{"_monsterinsights_skip_tracking":false,"_monsterinsights_sitenote_active":false,"_monsterinsights_sitenote_note":"","_monsterinsights_sitenote_category":0},"product_cat":[15],"product_tag":[],"class_list":["post-6804","product","type-product","status-publish","has-post-thumbnail","hentry","product_cat-sin-categoria"],"yoast_head":"<!-- This site is optimized with the Yoast SEO plugin v16.6.1 - https:\/\/yoast.com\/wordpress\/plugins\/seo\/ -->\n<title>Perfecto e imperfecto - california-edit<\/title>\n<meta name=\"robots\" content=\"index, follow, max-snippet:-1, max-image-preview:large, max-video-preview:-1\" \/>\n<link rel=\"canonical\" href=\"https:\/\/california-edit.com\/index.php\/product\/perfecto-e-imperfecto\/\" \/>\n<meta property=\"og:locale\" content=\"es_ES\" \/>\n<meta property=\"og:type\" content=\"article\" \/>\n<meta property=\"og:title\" content=\"Perfecto e imperfecto - california-edit\" \/>\n<meta property=\"og:description\" content=\"\u00c9ste aforismo de Juan Ram\u00f3n Jim\u00e9nez, espl\u00e9ndida y muy afortunadamente elegido por el autor como t\u00edtulo encierra buena parte de la indagaci\u00f3n que se abre en este texto. Se dice que la complejidad, caos, fractales, postmodernismo, borrosidad, identidad, globalizaci\u00f3n, son los hitos que abren el espacio para nueva manera de entender los fen\u00f3menos sociales. Y nadie mejor que F. Munn\u00e9 para explicarnos de manera clara, concisa y con una pluma espl\u00e9ndida, el paradigma que determinar\u00e1 el trabajo en las ciencias humanas en este milenio. El texto demuestra un .conocimiento cabal de las teor\u00edas que tratan de explicar la complejidad humana basado en las teor\u00edas de las ciencias de la naturaleza. Este terreno aun inexplorado no es de f\u00e1cil acceso, se puede pensar que esa es su mayor dificultad, no obstante el profesor Munn\u00e9 suaviza su introducci\u00f3n a esas \u00e1reas. Ahora bien, la dificultad que puede presentar la comprensi\u00f3n de la complejidad es proporcional al cambio que ella produce en quien se introduce en ese horizonte. Tabla de contenido Pr\u00f3logo IM\u00e1s all\u00e1 del postmodernismo 1.El declive del postmodernismo y la emergencia de la complejidad IIHacia una psicolog\u00eda compleja 2.Caos, fractales y otras complejidades del comportamiento humano 3.Qu\u00e9 es la complejidad IIILa complejidad del grupo humano 4.El retorno de la complejidad y la nueva imagen del ser humano 5.Sin caos no hay grupo 6.Transdiscipinariedad y complejidad del grupo humano IVLa complejidad de la persona 7.Paradojas de la identidad personal 8.Cuatro caras de la mismidad 9.Entre la libertad y el determinismo 10.De la globalizaci\u00f3n del mundo a la globalizaci\u00f3n de la mente\" \/>\n<meta property=\"og:url\" content=\"https:\/\/california-edit.com\/index.php\/product\/perfecto-e-imperfecto\/\" \/>\n<meta property=\"og:site_name\" content=\"california-edit\" \/>\n<meta property=\"article:publisher\" content=\"https:\/\/www.facebook.com\/califoniaedit\/\" \/>\n<meta property=\"article:modified_time\" content=\"2026-04-16T23:37:38+00:00\" \/>\n<meta property=\"og:image\" content=\"https:\/\/california-edit.com\/wp-content\/uploads\/2021\/07\/perfecto-e-imperfecto.jpg\" \/>\n\t<meta property=\"og:image:width\" content=\"400\" \/>\n\t<meta property=\"og:image:height\" content=\"530\" \/>\n<meta name=\"twitter:card\" content=\"summary_large_image\" \/>\n<meta name=\"twitter:label1\" content=\"Tiempo estimado de lectura\" \/>\n\t<meta name=\"twitter:data1\" content=\"1 minuto\" \/>\n<script type=\"application\/ld+json\" class=\"yoast-schema-graph\">{\"@context\":\"https:\/\/schema.org\",\"@graph\":[{\"@type\":\"Organization\",\"@id\":\"https:\/\/california-edit.com\/#organization\",\"name\":\"California edit\",\"url\":\"https:\/\/california-edit.com\/\",\"sameAs\":[\"https:\/\/www.facebook.com\/califoniaedit\/\",\"https:\/\/www.instagram.com\/californiaedit\/\"],\"logo\":{\"@type\":\"ImageObject\",\"@id\":\"https:\/\/california-edit.com\/#logo\",\"inLanguage\":\"es-CO\",\"url\":\"https:\/\/california-edit.com\/wp-content\/uploads\/2021\/07\/logo.png\",\"contentUrl\":\"https:\/\/california-edit.com\/wp-content\/uploads\/2021\/07\/logo.png\",\"width\":872,\"height\":250,\"caption\":\"California edit\"},\"image\":{\"@id\":\"https:\/\/california-edit.com\/#logo\"}},{\"@type\":\"WebSite\",\"@id\":\"https:\/\/california-edit.com\/#website\",\"url\":\"https:\/\/california-edit.com\/\",\"name\":\"california-edit\",\"description\":\"California edit es una plataforma para la creaci\\u00f3n, y divulgaci\\u00f3n de contenidos digitales.\",\"publisher\":{\"@id\":\"https:\/\/california-edit.com\/#organization\"},\"potentialAction\":[{\"@type\":\"SearchAction\",\"target\":{\"@type\":\"EntryPoint\",\"urlTemplate\":\"https:\/\/california-edit.com\/?s={search_term_string}\"},\"query-input\":\"required name=search_term_string\"}],\"inLanguage\":\"es-CO\"},{\"@type\":\"ImageObject\",\"@id\":\"https:\/\/california-edit.com\/index.php\/product\/perfecto-e-imperfecto\/#primaryimage\",\"inLanguage\":\"es-CO\",\"url\":\"https:\/\/california-edit.com\/wp-content\/uploads\/2021\/07\/perfecto-e-imperfecto.jpg\",\"contentUrl\":\"https:\/\/california-edit.com\/wp-content\/uploads\/2021\/07\/perfecto-e-imperfecto.jpg\",\"width\":400,\"height\":530},{\"@type\":\"WebPage\",\"@id\":\"https:\/\/california-edit.com\/index.php\/product\/perfecto-e-imperfecto\/#webpage\",\"url\":\"https:\/\/california-edit.com\/index.php\/product\/perfecto-e-imperfecto\/\",\"name\":\"Perfecto e imperfecto - california-edit\",\"isPartOf\":{\"@id\":\"https:\/\/california-edit.com\/#website\"},\"primaryImageOfPage\":{\"@id\":\"https:\/\/california-edit.com\/index.php\/product\/perfecto-e-imperfecto\/#primaryimage\"},\"datePublished\":\"2021-07-19T17:10:05+00:00\",\"dateModified\":\"2026-04-16T23:37:38+00:00\",\"breadcrumb\":{\"@id\":\"https:\/\/california-edit.com\/index.php\/product\/perfecto-e-imperfecto\/#breadcrumb\"},\"inLanguage\":\"es-CO\",\"potentialAction\":[{\"@type\":\"ReadAction\",\"target\":[\"https:\/\/california-edit.com\/index.php\/product\/perfecto-e-imperfecto\/\"]}]},{\"@type\":\"BreadcrumbList\",\"@id\":\"https:\/\/california-edit.com\/index.php\/product\/perfecto-e-imperfecto\/#breadcrumb\",\"itemListElement\":[{\"@type\":\"ListItem\",\"position\":1,\"name\":\"Home\",\"item\":\"https:\/\/california-edit.com\/\"},{\"@type\":\"ListItem\",\"position\":2,\"name\":\"Shop\",\"item\":\"https:\/\/california-edit.com\/index.php\/shop\/\"},{\"@type\":\"ListItem\",\"position\":3,\"name\":\"Perfecto e imperfecto\"}]}]}<\/script>\n<!-- \/ Yoast SEO plugin. -->","_links":{"self":[{"href":"https:\/\/california-edit.com\/index.php\/wp-json\/wp\/v2\/product\/6804","targetHints":{"allow":["GET"]}}],"collection":[{"href":"https:\/\/california-edit.com\/index.php\/wp-json\/wp\/v2\/product"}],"about":[{"href":"https:\/\/california-edit.com\/index.php\/wp-json\/wp\/v2\/types\/product"}],"replies":[{"embeddable":true,"href":"https:\/\/california-edit.com\/index.php\/wp-json\/wp\/v2\/comments?post=6804"}],"wp:featuredmedia":[{"embeddable":true,"href":"https:\/\/california-edit.com\/index.php\/wp-json\/wp\/v2\/media\/6806"}],"wp:attachment":[{"href":"https:\/\/california-edit.com\/index.php\/wp-json\/wp\/v2\/media?parent=6804"}],"wp:term":[{"taxonomy":"product_cat","embeddable":true,"href":"https:\/\/california-edit.com\/index.php\/wp-json\/wp\/v2\/product_cat?post=6804"},{"taxonomy":"product_tag","embeddable":true,"href":"https:\/\/california-edit.com\/index.php\/wp-json\/wp\/v2\/product_tag?post=6804"}],"curies":[{"name":"wp","href":"https:\/\/api.w.org\/{rel}","templated":true}]}}