
{"id":6801,"date":"2021-07-19T12:01:29","date_gmt":"2021-07-19T17:01:29","guid":{"rendered":"http:\/\/165.227.80.19\/californiaedit\/?post_type=product&#038;p=6801"},"modified":"2026-02-18T23:29:35","modified_gmt":"2026-02-19T04:29:35","slug":"adicciones-matices-humanos","status":"publish","type":"product","link":"https:\/\/california-edit.com\/index.php\/product\/adicciones-matices-humanos\/","title":{"rendered":"\u00bfAdicciones? Matices humanos"},"content":{"rendered":"<p>\u00bfExisten las enfermedades adictivas? Por v\u00eda de esta pregunta audaz, y del conjunto de reflexiones que no lo son menos, Augusto P\u00e9rez avanza en el terreno de problemas \u00e1lgidos y muy entra\u00f1ados en nuestra sociedad. El conjunto de textos que componen este texto se organizan en cap\u00edtulos sobre la prevenci\u00f3n, la legalizaci\u00f3n de las drogas y la relaci\u00f3n terap\u00e9utica, incluidos los aspectos \u00e9ticos, entre otros.<\/p>\n","protected":false},"excerpt":{"rendered":"<p>\u00bfExisten las enfermedades adictivas? Por v\u00eda de esta pregunta audaz, y del conjunto de reflexiones que no lo son menos, Augusto P\u00e9rez avanza en el terreno de problemas \u00e1lgidos y muy entra\u00f1ados en nuestra sociedad. El conjunto de textos que componen este texto se organizan en cap\u00edtulos sobre la prevenci\u00f3n, la legalizaci\u00f3n de las drogas y la relaci\u00f3n terap\u00e9utica, incluidos los aspectos \u00e9ticos, entre otros. Cada uno de esos temas se analizan de manera franca y rigurosa pues son el resultado de mas de 30 a\u00f1os que el autor ha dedicado al estudio del uso de las drogas.<br \/>\nEs un texto que por su tema y la forma como es tratado es comprensible y \u00fatil para estudiantes en formaci\u00f3n, pero tambi\u00e9n para especializados. El resultado es que se muestra la inconsistencia de algunos mitos, al tiempo que se ofrecen argumentos para una posici\u00f3n mas s\u00f3lida y coherente. Al final se ofrece un Glosario de gran utilidad para rectificaciones necesarias en esta \u00e1rea de las adicciones<\/p>\n<div class=\"titulo\">Este libro contiene:<\/div>\n<p>&nbsp;<\/p>\n<p>Pr\u00f3logo<\/p>\n<p>Prefacio<\/p>\n<p>Cap\u00edtulo 1. Aproximaciones al problema de adicciones al consume de Drogas<\/p>\n<p>Cap\u00edtulo 2.\u00a0\u00bfQu\u00e9 muestra la Evidencia sobre Consumo y Adicciones?<\/p>\n<p>Cap\u00edtulo 3.\u00a0\u00bfQu\u00e9 muestra la Evidencia sobre Consumo y Adicciones?<br \/>\nAcerca de la Prevenci\u00f3n y la Legalizaci\u00f3n del Consumo de Sustancias Activas<\/p>\n<p>Cap\u00edtulo 4.\u00a0La cuesti\u00f3n terap\u00e9utica y las adicciones<\/p>\n<p>Cap\u00edtulo 5.\u00a0A manera de balances provisionales<\/p>\n","protected":false},"featured_media":6803,"comment_status":"open","ping_status":"closed","template":"","meta":{"_monsterinsights_skip_tracking":false,"_monsterinsights_sitenote_active":false,"_monsterinsights_sitenote_note":"","_monsterinsights_sitenote_category":0},"product_cat":[15],"product_tag":[],"class_list":["post-6801","product","type-product","status-publish","has-post-thumbnail","hentry","product_cat-sin-categoria"],"yoast_head":"<!-- This site is optimized with the Yoast SEO plugin v16.6.1 - https:\/\/yoast.com\/wordpress\/plugins\/seo\/ -->\n<title>\u00bfAdicciones? Matices humanos - california-edit<\/title>\n<meta name=\"robots\" content=\"index, follow, max-snippet:-1, max-image-preview:large, max-video-preview:-1\" \/>\n<link rel=\"canonical\" href=\"https:\/\/california-edit.com\/index.php\/product\/adicciones-matices-humanos\/\" \/>\n<meta property=\"og:locale\" content=\"es_ES\" \/>\n<meta property=\"og:type\" content=\"article\" \/>\n<meta property=\"og:title\" content=\"\u00bfAdicciones? Matices humanos - california-edit\" \/>\n<meta property=\"og:description\" content=\"\u00bfExisten las enfermedades adictivas? Por v\u00eda de esta pregunta audaz, y del conjunto de reflexiones que no lo son menos, Augusto P\u00e9rez avanza en el terreno de problemas \u00e1lgidos y muy entra\u00f1ados en nuestra sociedad. El conjunto de textos que componen este texto se organizan en cap\u00edtulos sobre la prevenci\u00f3n, la legalizaci\u00f3n de las drogas y la relaci\u00f3n terap\u00e9utica, incluidos los aspectos \u00e9ticos, entre otros. Cada uno de esos temas se analizan de manera franca y rigurosa pues son el resultado de mas de 30 a\u00f1os que el autor ha dedicado al estudio del uso de las drogas. Es un texto que por su tema y la forma como es tratado es comprensible y \u00fatil para estudiantes en formaci\u00f3n, pero tambi\u00e9n para especializados. El resultado es que se muestra la inconsistencia de algunos mitos, al tiempo que se ofrecen argumentos para una posici\u00f3n mas s\u00f3lida y coherente. Al final se ofrece un Glosario de gran utilidad para rectificaciones necesarias en esta \u00e1rea de las adicciones Este libro contiene: &nbsp;  Pr\u00f3logo  Prefacio  Cap\u00edtulo 1. Aproximaciones al problema de adicciones al consume de Drogas  Cap\u00edtulo 2.\u00a0\u00bfQu\u00e9 muestra la Evidencia sobre Consumo y Adicciones?  Cap\u00edtulo 3.\u00a0\u00bfQu\u00e9 muestra la Evidencia sobre Consumo y Adicciones? Acerca de la Prevenci\u00f3n y la Legalizaci\u00f3n del Consumo de Sustancias Activas  Cap\u00edtulo 4.\u00a0La cuesti\u00f3n terap\u00e9utica y las adicciones  Cap\u00edtulo 5.\u00a0A manera de balances provisionales\" \/>\n<meta property=\"og:url\" content=\"https:\/\/california-edit.com\/index.php\/product\/adicciones-matices-humanos\/\" \/>\n<meta property=\"og:site_name\" content=\"california-edit\" \/>\n<meta property=\"article:publisher\" content=\"https:\/\/www.facebook.com\/califoniaedit\/\" \/>\n<meta property=\"article:modified_time\" content=\"2026-02-19T04:29:35+00:00\" \/>\n<meta property=\"og:image\" content=\"https:\/\/california-edit.com\/wp-content\/uploads\/2021\/07\/listado-adicciones.jpeg\" \/>\n\t<meta property=\"og:image:width\" content=\"400\" \/>\n\t<meta property=\"og:image:height\" content=\"530\" \/>\n<meta name=\"twitter:card\" content=\"summary_large_image\" \/>\n<meta name=\"twitter:label1\" content=\"Tiempo estimado de lectura\" \/>\n\t<meta name=\"twitter:data1\" content=\"1 minuto\" \/>\n<script type=\"application\/ld+json\" class=\"yoast-schema-graph\">{\"@context\":\"https:\/\/schema.org\",\"@graph\":[{\"@type\":\"Organization\",\"@id\":\"https:\/\/california-edit.com\/#organization\",\"name\":\"California edit\",\"url\":\"https:\/\/california-edit.com\/\",\"sameAs\":[\"https:\/\/www.facebook.com\/califoniaedit\/\",\"https:\/\/www.instagram.com\/californiaedit\/\"],\"logo\":{\"@type\":\"ImageObject\",\"@id\":\"https:\/\/california-edit.com\/#logo\",\"inLanguage\":\"es-CO\",\"url\":\"https:\/\/california-edit.com\/wp-content\/uploads\/2021\/07\/logo.png\",\"contentUrl\":\"https:\/\/california-edit.com\/wp-content\/uploads\/2021\/07\/logo.png\",\"width\":872,\"height\":250,\"caption\":\"California edit\"},\"image\":{\"@id\":\"https:\/\/california-edit.com\/#logo\"}},{\"@type\":\"WebSite\",\"@id\":\"https:\/\/california-edit.com\/#website\",\"url\":\"https:\/\/california-edit.com\/\",\"name\":\"california-edit\",\"description\":\"California edit es una plataforma para la creaci\\u00f3n, y divulgaci\\u00f3n de contenidos digitales.\",\"publisher\":{\"@id\":\"https:\/\/california-edit.com\/#organization\"},\"potentialAction\":[{\"@type\":\"SearchAction\",\"target\":{\"@type\":\"EntryPoint\",\"urlTemplate\":\"https:\/\/california-edit.com\/?s={search_term_string}\"},\"query-input\":\"required name=search_term_string\"}],\"inLanguage\":\"es-CO\"},{\"@type\":\"ImageObject\",\"@id\":\"https:\/\/california-edit.com\/index.php\/product\/adicciones-matices-humanos\/#primaryimage\",\"inLanguage\":\"es-CO\",\"url\":\"https:\/\/california-edit.com\/wp-content\/uploads\/2021\/07\/listado-adicciones.jpeg\",\"contentUrl\":\"https:\/\/california-edit.com\/wp-content\/uploads\/2021\/07\/listado-adicciones.jpeg\",\"width\":400,\"height\":530},{\"@type\":\"WebPage\",\"@id\":\"https:\/\/california-edit.com\/index.php\/product\/adicciones-matices-humanos\/#webpage\",\"url\":\"https:\/\/california-edit.com\/index.php\/product\/adicciones-matices-humanos\/\",\"name\":\"\\u00bfAdicciones? Matices humanos - california-edit\",\"isPartOf\":{\"@id\":\"https:\/\/california-edit.com\/#website\"},\"primaryImageOfPage\":{\"@id\":\"https:\/\/california-edit.com\/index.php\/product\/adicciones-matices-humanos\/#primaryimage\"},\"datePublished\":\"2021-07-19T17:01:29+00:00\",\"dateModified\":\"2026-02-19T04:29:35+00:00\",\"breadcrumb\":{\"@id\":\"https:\/\/california-edit.com\/index.php\/product\/adicciones-matices-humanos\/#breadcrumb\"},\"inLanguage\":\"es-CO\",\"potentialAction\":[{\"@type\":\"ReadAction\",\"target\":[\"https:\/\/california-edit.com\/index.php\/product\/adicciones-matices-humanos\/\"]}]},{\"@type\":\"BreadcrumbList\",\"@id\":\"https:\/\/california-edit.com\/index.php\/product\/adicciones-matices-humanos\/#breadcrumb\",\"itemListElement\":[{\"@type\":\"ListItem\",\"position\":1,\"name\":\"Home\",\"item\":\"https:\/\/california-edit.com\/\"},{\"@type\":\"ListItem\",\"position\":2,\"name\":\"Shop\",\"item\":\"https:\/\/california-edit.com\/index.php\/shop\/\"},{\"@type\":\"ListItem\",\"position\":3,\"name\":\"\\u00bfAdicciones? Matices humanos\"}]}]}<\/script>\n<!-- \/ Yoast SEO plugin. -->","_links":{"self":[{"href":"https:\/\/california-edit.com\/index.php\/wp-json\/wp\/v2\/product\/6801","targetHints":{"allow":["GET"]}}],"collection":[{"href":"https:\/\/california-edit.com\/index.php\/wp-json\/wp\/v2\/product"}],"about":[{"href":"https:\/\/california-edit.com\/index.php\/wp-json\/wp\/v2\/types\/product"}],"replies":[{"embeddable":true,"href":"https:\/\/california-edit.com\/index.php\/wp-json\/wp\/v2\/comments?post=6801"}],"wp:featuredmedia":[{"embeddable":true,"href":"https:\/\/california-edit.com\/index.php\/wp-json\/wp\/v2\/media\/6803"}],"wp:attachment":[{"href":"https:\/\/california-edit.com\/index.php\/wp-json\/wp\/v2\/media?parent=6801"}],"wp:term":[{"taxonomy":"product_cat","embeddable":true,"href":"https:\/\/california-edit.com\/index.php\/wp-json\/wp\/v2\/product_cat?post=6801"},{"taxonomy":"product_tag","embeddable":true,"href":"https:\/\/california-edit.com\/index.php\/wp-json\/wp\/v2\/product_tag?post=6801"}],"curies":[{"name":"wp","href":"https:\/\/api.w.org\/{rel}","templated":true}]}}