
{"id":6795,"date":"2021-07-19T11:53:03","date_gmt":"2021-07-19T16:53:03","guid":{"rendered":"http:\/\/165.227.80.19\/californiaedit\/?post_type=product&#038;p=6795"},"modified":"2026-03-09T20:11:35","modified_gmt":"2026-03-10T01:11:35","slug":"acompanamiento-psicosocial-a-personas-victimas-de-desplazamiento-forzado","status":"publish","type":"product","link":"https:\/\/california-edit.com\/index.php\/product\/acompanamiento-psicosocial-a-personas-victimas-de-desplazamiento-forzado\/","title":{"rendered":"Acompa\u00f1amiento psicosocial a personas v\u00edctimas de desplazamiento forzado"},"content":{"rendered":"<p>Este ebook implica varios retos, uno de ellos es vencer la dificultad de los desplazados por la violencia y de quienes han sido victimas de la violencia sociopol\u00edtica, de la profunda desconfianza que viven y sienten. Con base en la herencia de Martin Bar\u00f3 entre otros autores, todos los cap\u00edtulos de este ebook construyen rutas de un acompa\u00f1amiento sistem\u00e1tico que signific\u00f3 \u201cestar con, dar calor de vida, renovar la confianza, sentir la presencia del otro, escuchar amorosamente con ellas y ellos\u201d para construir nuevos espacios.<\/p>\n","protected":false},"excerpt":{"rendered":"<p>Este ebook implica varios retos, uno de ellos es vencer la dificultad de los desplazados por la violencia y de quienes han sido victimas de la violencia sociopol\u00edtica, de la profunda desconfianza que viven y sienten. Con base en la herencia de Martin Bar\u00f3 entre otros autores, todos los cap\u00edtulos de este ebook construyen rutas de un acompa\u00f1amiento sistem\u00e1tico que signific\u00f3 \u201cestar con, dar calor de vida, renovar la confianza, sentir la presencia del otro, escuchar amorosamente con ellas y ellos\u201d para construir nuevos espacios.<\/p>\n<p>La Propuesta y el resultado del trabajo de sacipa y de sus colegas, esta encaminado al fortalecimiento personal, social y como miembros de una comunidad del afectado, a partir del acompa\u00f1amiento psicosocial (emocional, pero tambi\u00e9n efectivo en el nivel social). Los textos reunidos resultan sensibles y entra\u00f1ables y ello contrasta con la fragilidad de ese oficio y de esa intervenci\u00f3n psicosocial. La pregunta sobre si es posible que una tarea de esa naturaleza sea replicable en los extensos niveles de cubrimiento que supone los millones de desplazados queda abierta pero indica un comienzo.<\/p>\n<p>&nbsp;<\/p>\n","protected":false},"featured_media":6797,"comment_status":"open","ping_status":"closed","template":"","meta":{"_monsterinsights_skip_tracking":false,"_monsterinsights_sitenote_active":false,"_monsterinsights_sitenote_note":"","_monsterinsights_sitenote_category":0},"product_cat":[15],"product_tag":[],"class_list":["post-6795","product","type-product","status-publish","has-post-thumbnail","hentry","product_cat-sin-categoria"],"yoast_head":"<!-- This site is optimized with the Yoast SEO plugin v16.6.1 - https:\/\/yoast.com\/wordpress\/plugins\/seo\/ -->\n<title>Acompa\u00f1amiento psicosocial a personas v\u00edctimas de desplazamiento forzado - california-edit<\/title>\n<meta name=\"robots\" content=\"index, follow, max-snippet:-1, max-image-preview:large, max-video-preview:-1\" \/>\n<link rel=\"canonical\" href=\"https:\/\/california-edit.com\/index.php\/product\/acompanamiento-psicosocial-a-personas-victimas-de-desplazamiento-forzado\/\" \/>\n<meta property=\"og:locale\" content=\"es_ES\" \/>\n<meta property=\"og:type\" content=\"article\" \/>\n<meta property=\"og:title\" content=\"Acompa\u00f1amiento psicosocial a personas v\u00edctimas de desplazamiento forzado - california-edit\" \/>\n<meta property=\"og:description\" content=\"Este ebook implica varios retos, uno de ellos es vencer la dificultad de los desplazados por la violencia y de quienes han sido victimas de la violencia sociopol\u00edtica, de la profunda desconfianza que viven y sienten. Con base en la herencia de Martin Bar\u00f3 entre otros autores, todos los cap\u00edtulos de este ebook construyen rutas de un acompa\u00f1amiento sistem\u00e1tico que signific\u00f3 \u201cestar con, dar calor de vida, renovar la confianza, sentir la presencia del otro, escuchar amorosamente con ellas y ellos\u201d para construir nuevos espacios.  La Propuesta y el resultado del trabajo de sacipa y de sus colegas, esta encaminado al fortalecimiento personal, social y como miembros de una comunidad del afectado, a partir del acompa\u00f1amiento psicosocial (emocional, pero tambi\u00e9n efectivo en el nivel social). Los textos reunidos resultan sensibles y entra\u00f1ables y ello contrasta con la fragilidad de ese oficio y de esa intervenci\u00f3n psicosocial. La pregunta sobre si es posible que una tarea de esa naturaleza sea replicable en los extensos niveles de cubrimiento que supone los millones de desplazados queda abierta pero indica un comienzo.  &nbsp;\" \/>\n<meta property=\"og:url\" content=\"https:\/\/california-edit.com\/index.php\/product\/acompanamiento-psicosocial-a-personas-victimas-de-desplazamiento-forzado\/\" \/>\n<meta property=\"og:site_name\" content=\"california-edit\" \/>\n<meta property=\"article:publisher\" content=\"https:\/\/www.facebook.com\/califoniaedit\/\" \/>\n<meta property=\"article:modified_time\" content=\"2026-03-10T01:11:35+00:00\" \/>\n<meta property=\"og:image\" content=\"https:\/\/california-edit.com\/wp-content\/uploads\/2021\/07\/cover-1.jpg\" \/>\n\t<meta property=\"og:image:width\" content=\"400\" \/>\n\t<meta property=\"og:image:height\" content=\"530\" \/>\n<meta name=\"twitter:card\" content=\"summary_large_image\" \/>\n<meta name=\"twitter:label1\" content=\"Tiempo estimado de lectura\" \/>\n\t<meta name=\"twitter:data1\" content=\"1 minuto\" \/>\n<script type=\"application\/ld+json\" class=\"yoast-schema-graph\">{\"@context\":\"https:\/\/schema.org\",\"@graph\":[{\"@type\":\"Organization\",\"@id\":\"https:\/\/california-edit.com\/#organization\",\"name\":\"California edit\",\"url\":\"https:\/\/california-edit.com\/\",\"sameAs\":[\"https:\/\/www.facebook.com\/califoniaedit\/\",\"https:\/\/www.instagram.com\/californiaedit\/\"],\"logo\":{\"@type\":\"ImageObject\",\"@id\":\"https:\/\/california-edit.com\/#logo\",\"inLanguage\":\"es-CO\",\"url\":\"https:\/\/california-edit.com\/wp-content\/uploads\/2021\/07\/logo.png\",\"contentUrl\":\"https:\/\/california-edit.com\/wp-content\/uploads\/2021\/07\/logo.png\",\"width\":872,\"height\":250,\"caption\":\"California edit\"},\"image\":{\"@id\":\"https:\/\/california-edit.com\/#logo\"}},{\"@type\":\"WebSite\",\"@id\":\"https:\/\/california-edit.com\/#website\",\"url\":\"https:\/\/california-edit.com\/\",\"name\":\"california-edit\",\"description\":\"California edit es una plataforma para la creaci\\u00f3n, y divulgaci\\u00f3n de contenidos digitales.\",\"publisher\":{\"@id\":\"https:\/\/california-edit.com\/#organization\"},\"potentialAction\":[{\"@type\":\"SearchAction\",\"target\":{\"@type\":\"EntryPoint\",\"urlTemplate\":\"https:\/\/california-edit.com\/?s={search_term_string}\"},\"query-input\":\"required name=search_term_string\"}],\"inLanguage\":\"es-CO\"},{\"@type\":\"ImageObject\",\"@id\":\"https:\/\/california-edit.com\/index.php\/product\/acompanamiento-psicosocial-a-personas-victimas-de-desplazamiento-forzado\/#primaryimage\",\"inLanguage\":\"es-CO\",\"url\":\"https:\/\/california-edit.com\/wp-content\/uploads\/2021\/07\/cover-1.jpg\",\"contentUrl\":\"https:\/\/california-edit.com\/wp-content\/uploads\/2021\/07\/cover-1.jpg\",\"width\":400,\"height\":530},{\"@type\":\"WebPage\",\"@id\":\"https:\/\/california-edit.com\/index.php\/product\/acompanamiento-psicosocial-a-personas-victimas-de-desplazamiento-forzado\/#webpage\",\"url\":\"https:\/\/california-edit.com\/index.php\/product\/acompanamiento-psicosocial-a-personas-victimas-de-desplazamiento-forzado\/\",\"name\":\"Acompa\\u00f1amiento psicosocial a personas v\\u00edctimas de desplazamiento forzado - california-edit\",\"isPartOf\":{\"@id\":\"https:\/\/california-edit.com\/#website\"},\"primaryImageOfPage\":{\"@id\":\"https:\/\/california-edit.com\/index.php\/product\/acompanamiento-psicosocial-a-personas-victimas-de-desplazamiento-forzado\/#primaryimage\"},\"datePublished\":\"2021-07-19T16:53:03+00:00\",\"dateModified\":\"2026-03-10T01:11:35+00:00\",\"breadcrumb\":{\"@id\":\"https:\/\/california-edit.com\/index.php\/product\/acompanamiento-psicosocial-a-personas-victimas-de-desplazamiento-forzado\/#breadcrumb\"},\"inLanguage\":\"es-CO\",\"potentialAction\":[{\"@type\":\"ReadAction\",\"target\":[\"https:\/\/california-edit.com\/index.php\/product\/acompanamiento-psicosocial-a-personas-victimas-de-desplazamiento-forzado\/\"]}]},{\"@type\":\"BreadcrumbList\",\"@id\":\"https:\/\/california-edit.com\/index.php\/product\/acompanamiento-psicosocial-a-personas-victimas-de-desplazamiento-forzado\/#breadcrumb\",\"itemListElement\":[{\"@type\":\"ListItem\",\"position\":1,\"name\":\"Home\",\"item\":\"https:\/\/california-edit.com\/\"},{\"@type\":\"ListItem\",\"position\":2,\"name\":\"Shop\",\"item\":\"https:\/\/california-edit.com\/index.php\/shop\/\"},{\"@type\":\"ListItem\",\"position\":3,\"name\":\"Acompa\\u00f1amiento psicosocial a personas v\\u00edctimas de desplazamiento forzado\"}]}]}<\/script>\n<!-- \/ Yoast SEO plugin. -->","_links":{"self":[{"href":"https:\/\/california-edit.com\/index.php\/wp-json\/wp\/v2\/product\/6795","targetHints":{"allow":["GET"]}}],"collection":[{"href":"https:\/\/california-edit.com\/index.php\/wp-json\/wp\/v2\/product"}],"about":[{"href":"https:\/\/california-edit.com\/index.php\/wp-json\/wp\/v2\/types\/product"}],"replies":[{"embeddable":true,"href":"https:\/\/california-edit.com\/index.php\/wp-json\/wp\/v2\/comments?post=6795"}],"wp:featuredmedia":[{"embeddable":true,"href":"https:\/\/california-edit.com\/index.php\/wp-json\/wp\/v2\/media\/6797"}],"wp:attachment":[{"href":"https:\/\/california-edit.com\/index.php\/wp-json\/wp\/v2\/media?parent=6795"}],"wp:term":[{"taxonomy":"product_cat","embeddable":true,"href":"https:\/\/california-edit.com\/index.php\/wp-json\/wp\/v2\/product_cat?post=6795"},{"taxonomy":"product_tag","embeddable":true,"href":"https:\/\/california-edit.com\/index.php\/wp-json\/wp\/v2\/product_tag?post=6795"}],"curies":[{"name":"wp","href":"https:\/\/api.w.org\/{rel}","templated":true}]}}