
{"id":6789,"date":"2021-07-19T11:27:57","date_gmt":"2021-07-19T16:27:57","guid":{"rendered":"http:\/\/165.227.80.19\/californiaedit\/?post_type=product&#038;p=6789"},"modified":"2026-03-23T21:05:58","modified_gmt":"2026-03-24T02:05:58","slug":"el-nino-lector-escritor-y-cientifico","status":"publish","type":"product","link":"https:\/\/california-edit.com\/index.php\/product\/el-nino-lector-escritor-y-cientifico\/","title":{"rendered":"El ni\u00f1o lector, escritor y cient\u00edfico"},"content":{"rendered":"<p>Los ni\u00f1os o ni\u00f1as desde muy peque\u00f1os, saben pensar, quieren leer, y aspiran a escribir. Esto es lo que entregan los tres ensayos aqu\u00ed reunidos y que inician el descubrimiento de la manera como ese ni\u00f1o se plantea hip\u00f3tesis, busca relaciones y entiende su entorno de manera m\u00e1s cierta y directa de lo que maestros y adultos creen. La autora retoma resultados centrales que en estos tres t\u00f3picos y en los \u00faltimos 20 a\u00f1os acumul\u00f3 el conjunto de las investigaciones del Centro de Investigaciones de Psicolog\u00eda de la Universidad del Valle en Colombia.<\/p>\n","protected":false},"excerpt":{"rendered":"<p>Los ni\u00f1os o ni\u00f1as desde muy peque\u00f1os, saben pensar, quieren leer, y aspiran a escribir. Esto es lo que entregan los tres ensayos aqu\u00ed reunidos y que inician el descubrimiento de la manera como ese ni\u00f1o se plantea hip\u00f3tesis, busca relaciones y entiende su entorno de manera m\u00e1s cierta y directa de lo que maestros y adultos creen. La autora retoma resultados centrales que en estos tres t\u00f3picos y en los \u00faltimos 20 a\u00f1os acumul\u00f3 el conjunto de las investigaciones del Centro de Investigaciones de Psicolog\u00eda de la Universidad del Valle en Colombia. Se trata de trabajos pioneros que devuelven una mirada del ni\u00f1o mas positiva, optimista, pero sobretodo fundada en estudios reales y rigurosos sobre las capacidades a veces insospechadas pero siempre presentes del<br \/>\nni\u00f1o. El conjunto de links con videos y materiales donde se puede ver a ni\u00f1os y ni\u00f1as enfrentar y resolver problemas resulta convincente y esclarecedor.<\/p>\n<div><label class=\"titulo\">Este libro contiene:<\/label><\/div>\n<p>Cap\u00edtulo 1.\u00a0\u00bfLee un ni\u00f1o antes de iniciar la escolaridad formal?<br \/>\nBlanca Cecilia Orozco M.A<\/p>\n<p>Cap\u00edtulo 2.\u00a0Yo me s\u00e9 el cuento de\u2026<br \/>\nMiralba Correa Restrepo M.A<\/p>\n<p>Cap\u00edtulo 3.\u00a0De los artefactos al humor visual: dos rutas para acceder al pensamiento cient\u00edfico<br \/>\nRebeca Puche-Navarro, Ph.D.<\/p>\n","protected":false},"featured_media":6791,"comment_status":"open","ping_status":"closed","template":"","meta":{"_monsterinsights_skip_tracking":false,"_monsterinsights_sitenote_active":false,"_monsterinsights_sitenote_note":"","_monsterinsights_sitenote_category":0},"product_cat":[194],"product_tag":[],"class_list":["post-6789","product","type-product","status-publish","has-post-thumbnail","hentry","product_cat-gratuito"],"yoast_head":"<!-- This site is optimized with the Yoast SEO plugin v16.6.1 - https:\/\/yoast.com\/wordpress\/plugins\/seo\/ -->\n<title>El ni\u00f1o lector, escritor y cient\u00edfico - california-edit<\/title>\n<meta name=\"robots\" content=\"index, follow, max-snippet:-1, max-image-preview:large, max-video-preview:-1\" \/>\n<link rel=\"canonical\" href=\"https:\/\/california-edit.com\/index.php\/product\/el-nino-lector-escritor-y-cientifico\/\" \/>\n<meta property=\"og:locale\" content=\"es_ES\" \/>\n<meta property=\"og:type\" content=\"article\" \/>\n<meta property=\"og:title\" content=\"El ni\u00f1o lector, escritor y cient\u00edfico - california-edit\" \/>\n<meta property=\"og:description\" content=\"Los ni\u00f1os o ni\u00f1as desde muy peque\u00f1os, saben pensar, quieren leer, y aspiran a escribir. Esto es lo que entregan los tres ensayos aqu\u00ed reunidos y que inician el descubrimiento de la manera como ese ni\u00f1o se plantea hip\u00f3tesis, busca relaciones y entiende su entorno de manera m\u00e1s cierta y directa de lo que maestros y adultos creen. La autora retoma resultados centrales que en estos tres t\u00f3picos y en los \u00faltimos 20 a\u00f1os acumul\u00f3 el conjunto de las investigaciones del Centro de Investigaciones de Psicolog\u00eda de la Universidad del Valle en Colombia. Se trata de trabajos pioneros que devuelven una mirada del ni\u00f1o mas positiva, optimista, pero sobretodo fundada en estudios reales y rigurosos sobre las capacidades a veces insospechadas pero siempre presentes del ni\u00f1o. El conjunto de links con videos y materiales donde se puede ver a ni\u00f1os y ni\u00f1as enfrentar y resolver problemas resulta convincente y esclarecedor. Este libro contiene: Cap\u00edtulo 1.\u00a0\u00bfLee un ni\u00f1o antes de iniciar la escolaridad formal? Blanca Cecilia Orozco M.A  Cap\u00edtulo 2.\u00a0Yo me s\u00e9 el cuento de\u2026 Miralba Correa Restrepo M.A  Cap\u00edtulo 3.\u00a0De los artefactos al humor visual: dos rutas para acceder al pensamiento cient\u00edfico Rebeca Puche-Navarro, Ph.D.\" \/>\n<meta property=\"og:url\" content=\"https:\/\/california-edit.com\/index.php\/product\/el-nino-lector-escritor-y-cientifico\/\" \/>\n<meta property=\"og:site_name\" content=\"california-edit\" \/>\n<meta property=\"article:publisher\" content=\"https:\/\/www.facebook.com\/califoniaedit\/\" \/>\n<meta property=\"article:modified_time\" content=\"2026-03-24T02:05:58+00:00\" \/>\n<meta property=\"og:image\" content=\"https:\/\/california-edit.com\/wp-content\/uploads\/2021\/07\/listado-nino.jpeg\" \/>\n\t<meta property=\"og:image:width\" content=\"400\" \/>\n\t<meta property=\"og:image:height\" content=\"530\" \/>\n<meta name=\"twitter:card\" content=\"summary_large_image\" \/>\n<meta name=\"twitter:label1\" content=\"Tiempo estimado de lectura\" \/>\n\t<meta name=\"twitter:data1\" content=\"1 minuto\" \/>\n<script type=\"application\/ld+json\" class=\"yoast-schema-graph\">{\"@context\":\"https:\/\/schema.org\",\"@graph\":[{\"@type\":\"Organization\",\"@id\":\"https:\/\/california-edit.com\/#organization\",\"name\":\"California edit\",\"url\":\"https:\/\/california-edit.com\/\",\"sameAs\":[\"https:\/\/www.facebook.com\/califoniaedit\/\",\"https:\/\/www.instagram.com\/californiaedit\/\"],\"logo\":{\"@type\":\"ImageObject\",\"@id\":\"https:\/\/california-edit.com\/#logo\",\"inLanguage\":\"es-CO\",\"url\":\"https:\/\/california-edit.com\/wp-content\/uploads\/2021\/07\/logo.png\",\"contentUrl\":\"https:\/\/california-edit.com\/wp-content\/uploads\/2021\/07\/logo.png\",\"width\":872,\"height\":250,\"caption\":\"California edit\"},\"image\":{\"@id\":\"https:\/\/california-edit.com\/#logo\"}},{\"@type\":\"WebSite\",\"@id\":\"https:\/\/california-edit.com\/#website\",\"url\":\"https:\/\/california-edit.com\/\",\"name\":\"california-edit\",\"description\":\"California edit es una plataforma para la creaci\\u00f3n, y divulgaci\\u00f3n de contenidos digitales.\",\"publisher\":{\"@id\":\"https:\/\/california-edit.com\/#organization\"},\"potentialAction\":[{\"@type\":\"SearchAction\",\"target\":{\"@type\":\"EntryPoint\",\"urlTemplate\":\"https:\/\/california-edit.com\/?s={search_term_string}\"},\"query-input\":\"required name=search_term_string\"}],\"inLanguage\":\"es-CO\"},{\"@type\":\"ImageObject\",\"@id\":\"https:\/\/california-edit.com\/index.php\/product\/el-nino-lector-escritor-y-cientifico\/#primaryimage\",\"inLanguage\":\"es-CO\",\"url\":\"https:\/\/california-edit.com\/wp-content\/uploads\/2021\/07\/listado-nino.jpeg\",\"contentUrl\":\"https:\/\/california-edit.com\/wp-content\/uploads\/2021\/07\/listado-nino.jpeg\",\"width\":400,\"height\":530},{\"@type\":\"WebPage\",\"@id\":\"https:\/\/california-edit.com\/index.php\/product\/el-nino-lector-escritor-y-cientifico\/#webpage\",\"url\":\"https:\/\/california-edit.com\/index.php\/product\/el-nino-lector-escritor-y-cientifico\/\",\"name\":\"El ni\\u00f1o lector, escritor y cient\\u00edfico - california-edit\",\"isPartOf\":{\"@id\":\"https:\/\/california-edit.com\/#website\"},\"primaryImageOfPage\":{\"@id\":\"https:\/\/california-edit.com\/index.php\/product\/el-nino-lector-escritor-y-cientifico\/#primaryimage\"},\"datePublished\":\"2021-07-19T16:27:57+00:00\",\"dateModified\":\"2026-03-24T02:05:58+00:00\",\"breadcrumb\":{\"@id\":\"https:\/\/california-edit.com\/index.php\/product\/el-nino-lector-escritor-y-cientifico\/#breadcrumb\"},\"inLanguage\":\"es-CO\",\"potentialAction\":[{\"@type\":\"ReadAction\",\"target\":[\"https:\/\/california-edit.com\/index.php\/product\/el-nino-lector-escritor-y-cientifico\/\"]}]},{\"@type\":\"BreadcrumbList\",\"@id\":\"https:\/\/california-edit.com\/index.php\/product\/el-nino-lector-escritor-y-cientifico\/#breadcrumb\",\"itemListElement\":[{\"@type\":\"ListItem\",\"position\":1,\"name\":\"Home\",\"item\":\"https:\/\/california-edit.com\/\"},{\"@type\":\"ListItem\",\"position\":2,\"name\":\"Shop\",\"item\":\"https:\/\/california-edit.com\/index.php\/shop\/\"},{\"@type\":\"ListItem\",\"position\":3,\"name\":\"El ni\\u00f1o lector, escritor y cient\\u00edfico\"}]}]}<\/script>\n<!-- \/ Yoast SEO plugin. -->","_links":{"self":[{"href":"https:\/\/california-edit.com\/index.php\/wp-json\/wp\/v2\/product\/6789","targetHints":{"allow":["GET"]}}],"collection":[{"href":"https:\/\/california-edit.com\/index.php\/wp-json\/wp\/v2\/product"}],"about":[{"href":"https:\/\/california-edit.com\/index.php\/wp-json\/wp\/v2\/types\/product"}],"replies":[{"embeddable":true,"href":"https:\/\/california-edit.com\/index.php\/wp-json\/wp\/v2\/comments?post=6789"}],"wp:featuredmedia":[{"embeddable":true,"href":"https:\/\/california-edit.com\/index.php\/wp-json\/wp\/v2\/media\/6791"}],"wp:attachment":[{"href":"https:\/\/california-edit.com\/index.php\/wp-json\/wp\/v2\/media?parent=6789"}],"wp:term":[{"taxonomy":"product_cat","embeddable":true,"href":"https:\/\/california-edit.com\/index.php\/wp-json\/wp\/v2\/product_cat?post=6789"},{"taxonomy":"product_tag","embeddable":true,"href":"https:\/\/california-edit.com\/index.php\/wp-json\/wp\/v2\/product_tag?post=6789"}],"curies":[{"name":"wp","href":"https:\/\/api.w.org\/{rel}","templated":true}]}}