
{"id":6786,"date":"2021-07-19T11:22:10","date_gmt":"2021-07-19T16:22:10","guid":{"rendered":"http:\/\/165.227.80.19\/californiaedit\/?post_type=product&#038;p=6786"},"modified":"2026-02-18T23:30:22","modified_gmt":"2026-02-19T04:30:22","slug":"indagaciones-piagetianas","status":"publish","type":"product","link":"https:\/\/california-edit.com\/index.php\/product\/indagaciones-piagetianas\/","title":{"rendered":"Indagaciones piagetianas"},"content":{"rendered":"<p>Con este primer libro de la colecci\u00f3n Rutas Introductorias, Hugo Escobar recupera lo crucial de aquella metodolog\u00eda cl\u00ednico-cr\u00edtico de J. Piaget. Es cierto que se trata de un autor que sigue siendo, a pesar de todo el tiempo que ha pasado, una referencia obligada en la Psicolog\u00eda. Es por eso que se retoma aquellas situaciones de resoluci\u00f3n de problemas desarrolladas por Piaget, y a partir de su fiel ilustraci\u00f3n, se muestran los procesos subyacentes a algunas de las nociones mentales.<\/p>\n","protected":false},"excerpt":{"rendered":"<p>Con este primer libro de la colecci\u00f3n Rutas Introductorias, Hugo Escobar recupera lo crucial de aquella metodolog\u00eda cl\u00ednico-cr\u00edtico de J. Piaget. Es cierto que se trata de un autor que sigue siendo, a pesar de todo el tiempo que ha pasado, una referencia obligada en la Psicolog\u00eda. Es por eso que se retoma aquellas situaciones de resoluci\u00f3n de problemas desarrolladas por Piaget, y a partir de su fiel ilustraci\u00f3n, se muestran los procesos subyacentes a algunas de las nociones mentales. En siete cap\u00edtulos aborda, siente nociones que conservan el trasfondo de la teor\u00eda piagetiana al mismo tiempo en que minuciosamente divide las nociones estudiadas y las agrupa en situaciones que son ejemplificadas de manera pr\u00e1ctica. Es una propuesta amable, arm\u00f3nica y no menos rigurosa que resulta ideal para el trabajo de educadores y psic\u00f3logos en su trabajo con los ni\u00f1os. Las ilustraciones del texto as\u00ed como los videos que contiene, lo hacen un ebook fundamental en la formaci\u00f3n universitaria de los psic\u00f3logos.<\/p>\n<div class=\"titulo\">Este libro contiene:<\/div>\n<p>&nbsp;<\/p>\n<div><label class=\"titulo\">Cap\u00edtulo 1.<\/label>Anotaciones sobre el m\u00e9todo de indagaci\u00f3n.<\/div>\n<div><label class=\"titulo\">Cap\u00edtulo 2.<\/label>\u201c\u2026tic \u2013 tac, tic \u2013 tac, nada se detiene, todo est\u00e1 en movimiento\u2026\u201d<\/div>\n<div><label class=\"titulo\">Cap\u00edtulo 3.<\/label>\u201c\u2026sumemos, 1 + 1 = 2, 2 + 3 = 6, \u00bfest\u00e1 bien\u2026?\u2026\u201d<\/div>\n<div><label class=\"titulo\">Cap\u00edtulo 4.<\/label>\u201c\u2026qu\u00e9 suerte la que tengo, todo lo ten\u00eda en contra, pero gan\u00e9\u2026\u201d<\/div>\n<div><label class=\"titulo\">Cap\u00edtulo 5.<\/label>\u201c\u2026disc\u00falpame, no alcanzo a llegar a tiempo, estoy en un tranc\u00f3n\u2026\u201d<\/div>\n<div><label class=\"titulo\">Cap\u00edtulo 6.<\/label>\u201c\u2026l\u00e1stima ahora todo se conserva, ya nada aparece y desaparece\u2026\u201d<\/div>\n<div><label class=\"titulo\">Cap\u00edtulo 7.<\/label>\u201c\u2026es posible que en la Sabana de Mapungubwe en \u00c1frica viva una leona de ojos verde-mar\u2026\u201d<\/div>\n","protected":false},"featured_media":6788,"comment_status":"open","ping_status":"closed","template":"","meta":{"_monsterinsights_skip_tracking":false,"_monsterinsights_sitenote_active":false,"_monsterinsights_sitenote_note":"","_monsterinsights_sitenote_category":0},"product_cat":[15],"product_tag":[],"class_list":["post-6786","product","type-product","status-publish","has-post-thumbnail","hentry","product_cat-sin-categoria"],"yoast_head":"<!-- This site is optimized with the Yoast SEO plugin v16.6.1 - https:\/\/yoast.com\/wordpress\/plugins\/seo\/ -->\n<title>Indagaciones piagetianas - california-edit<\/title>\n<meta name=\"robots\" content=\"index, follow, max-snippet:-1, max-image-preview:large, max-video-preview:-1\" \/>\n<link rel=\"canonical\" href=\"https:\/\/california-edit.com\/index.php\/product\/indagaciones-piagetianas\/\" \/>\n<meta property=\"og:locale\" content=\"es_ES\" \/>\n<meta property=\"og:type\" content=\"article\" \/>\n<meta property=\"og:title\" content=\"Indagaciones piagetianas - california-edit\" \/>\n<meta property=\"og:description\" content=\"Con este primer libro de la colecci\u00f3n Rutas Introductorias, Hugo Escobar recupera lo crucial de aquella metodolog\u00eda cl\u00ednico-cr\u00edtico de J. Piaget. Es cierto que se trata de un autor que sigue siendo, a pesar de todo el tiempo que ha pasado, una referencia obligada en la Psicolog\u00eda. Es por eso que se retoma aquellas situaciones de resoluci\u00f3n de problemas desarrolladas por Piaget, y a partir de su fiel ilustraci\u00f3n, se muestran los procesos subyacentes a algunas de las nociones mentales. En siete cap\u00edtulos aborda, siente nociones que conservan el trasfondo de la teor\u00eda piagetiana al mismo tiempo en que minuciosamente divide las nociones estudiadas y las agrupa en situaciones que son ejemplificadas de manera pr\u00e1ctica. Es una propuesta amable, arm\u00f3nica y no menos rigurosa que resulta ideal para el trabajo de educadores y psic\u00f3logos en su trabajo con los ni\u00f1os. Las ilustraciones del texto as\u00ed como los videos que contiene, lo hacen un ebook fundamental en la formaci\u00f3n universitaria de los psic\u00f3logos. Este libro contiene: &nbsp; Cap\u00edtulo 1.Anotaciones sobre el m\u00e9todo de indagaci\u00f3n. Cap\u00edtulo 2.\u201c\u2026tic \u2013 tac, tic \u2013 tac, nada se detiene, todo est\u00e1 en movimiento\u2026\u201d Cap\u00edtulo 3.\u201c\u2026sumemos, 1 + 1 = 2, 2 + 3 = 6, \u00bfest\u00e1 bien\u2026?\u2026\u201d Cap\u00edtulo 4.\u201c\u2026qu\u00e9 suerte la que tengo, todo lo ten\u00eda en contra, pero gan\u00e9\u2026\u201d Cap\u00edtulo 5.\u201c\u2026disc\u00falpame, no alcanzo a llegar a tiempo, estoy en un tranc\u00f3n\u2026\u201d Cap\u00edtulo 6.\u201c\u2026l\u00e1stima ahora todo se conserva, ya nada aparece y desaparece\u2026\u201d Cap\u00edtulo 7.\u201c\u2026es posible que en la Sabana de Mapungubwe en \u00c1frica viva una leona de ojos verde-mar\u2026\u201d\" \/>\n<meta property=\"og:url\" content=\"https:\/\/california-edit.com\/index.php\/product\/indagaciones-piagetianas\/\" \/>\n<meta property=\"og:site_name\" content=\"california-edit\" \/>\n<meta property=\"article:publisher\" content=\"https:\/\/www.facebook.com\/califoniaedit\/\" \/>\n<meta property=\"article:modified_time\" content=\"2026-02-19T04:30:22+00:00\" \/>\n<meta property=\"og:image\" content=\"https:\/\/california-edit.com\/wp-content\/uploads\/2021\/07\/listado-indagaciones.jpeg\" \/>\n\t<meta property=\"og:image:width\" content=\"400\" \/>\n\t<meta property=\"og:image:height\" content=\"530\" \/>\n<meta name=\"twitter:card\" content=\"summary_large_image\" \/>\n<meta name=\"twitter:label1\" content=\"Tiempo estimado de lectura\" \/>\n\t<meta name=\"twitter:data1\" content=\"1 minuto\" \/>\n<script type=\"application\/ld+json\" class=\"yoast-schema-graph\">{\"@context\":\"https:\/\/schema.org\",\"@graph\":[{\"@type\":\"Organization\",\"@id\":\"https:\/\/california-edit.com\/#organization\",\"name\":\"California edit\",\"url\":\"https:\/\/california-edit.com\/\",\"sameAs\":[\"https:\/\/www.facebook.com\/califoniaedit\/\",\"https:\/\/www.instagram.com\/californiaedit\/\"],\"logo\":{\"@type\":\"ImageObject\",\"@id\":\"https:\/\/california-edit.com\/#logo\",\"inLanguage\":\"es-CO\",\"url\":\"https:\/\/california-edit.com\/wp-content\/uploads\/2021\/07\/logo.png\",\"contentUrl\":\"https:\/\/california-edit.com\/wp-content\/uploads\/2021\/07\/logo.png\",\"width\":872,\"height\":250,\"caption\":\"California edit\"},\"image\":{\"@id\":\"https:\/\/california-edit.com\/#logo\"}},{\"@type\":\"WebSite\",\"@id\":\"https:\/\/california-edit.com\/#website\",\"url\":\"https:\/\/california-edit.com\/\",\"name\":\"california-edit\",\"description\":\"California edit es una plataforma para la creaci\\u00f3n, y divulgaci\\u00f3n de contenidos digitales.\",\"publisher\":{\"@id\":\"https:\/\/california-edit.com\/#organization\"},\"potentialAction\":[{\"@type\":\"SearchAction\",\"target\":{\"@type\":\"EntryPoint\",\"urlTemplate\":\"https:\/\/california-edit.com\/?s={search_term_string}\"},\"query-input\":\"required name=search_term_string\"}],\"inLanguage\":\"es-CO\"},{\"@type\":\"ImageObject\",\"@id\":\"https:\/\/california-edit.com\/index.php\/product\/indagaciones-piagetianas\/#primaryimage\",\"inLanguage\":\"es-CO\",\"url\":\"https:\/\/california-edit.com\/wp-content\/uploads\/2021\/07\/listado-indagaciones.jpeg\",\"contentUrl\":\"https:\/\/california-edit.com\/wp-content\/uploads\/2021\/07\/listado-indagaciones.jpeg\",\"width\":400,\"height\":530},{\"@type\":\"WebPage\",\"@id\":\"https:\/\/california-edit.com\/index.php\/product\/indagaciones-piagetianas\/#webpage\",\"url\":\"https:\/\/california-edit.com\/index.php\/product\/indagaciones-piagetianas\/\",\"name\":\"Indagaciones piagetianas - california-edit\",\"isPartOf\":{\"@id\":\"https:\/\/california-edit.com\/#website\"},\"primaryImageOfPage\":{\"@id\":\"https:\/\/california-edit.com\/index.php\/product\/indagaciones-piagetianas\/#primaryimage\"},\"datePublished\":\"2021-07-19T16:22:10+00:00\",\"dateModified\":\"2026-02-19T04:30:22+00:00\",\"breadcrumb\":{\"@id\":\"https:\/\/california-edit.com\/index.php\/product\/indagaciones-piagetianas\/#breadcrumb\"},\"inLanguage\":\"es-CO\",\"potentialAction\":[{\"@type\":\"ReadAction\",\"target\":[\"https:\/\/california-edit.com\/index.php\/product\/indagaciones-piagetianas\/\"]}]},{\"@type\":\"BreadcrumbList\",\"@id\":\"https:\/\/california-edit.com\/index.php\/product\/indagaciones-piagetianas\/#breadcrumb\",\"itemListElement\":[{\"@type\":\"ListItem\",\"position\":1,\"name\":\"Home\",\"item\":\"https:\/\/california-edit.com\/\"},{\"@type\":\"ListItem\",\"position\":2,\"name\":\"Shop\",\"item\":\"https:\/\/california-edit.com\/index.php\/shop\/\"},{\"@type\":\"ListItem\",\"position\":3,\"name\":\"Indagaciones piagetianas\"}]}]}<\/script>\n<!-- \/ Yoast SEO plugin. -->","_links":{"self":[{"href":"https:\/\/california-edit.com\/index.php\/wp-json\/wp\/v2\/product\/6786","targetHints":{"allow":["GET"]}}],"collection":[{"href":"https:\/\/california-edit.com\/index.php\/wp-json\/wp\/v2\/product"}],"about":[{"href":"https:\/\/california-edit.com\/index.php\/wp-json\/wp\/v2\/types\/product"}],"replies":[{"embeddable":true,"href":"https:\/\/california-edit.com\/index.php\/wp-json\/wp\/v2\/comments?post=6786"}],"wp:featuredmedia":[{"embeddable":true,"href":"https:\/\/california-edit.com\/index.php\/wp-json\/wp\/v2\/media\/6788"}],"wp:attachment":[{"href":"https:\/\/california-edit.com\/index.php\/wp-json\/wp\/v2\/media?parent=6786"}],"wp:term":[{"taxonomy":"product_cat","embeddable":true,"href":"https:\/\/california-edit.com\/index.php\/wp-json\/wp\/v2\/product_cat?post=6786"},{"taxonomy":"product_tag","embeddable":true,"href":"https:\/\/california-edit.com\/index.php\/wp-json\/wp\/v2\/product_tag?post=6786"}],"curies":[{"name":"wp","href":"https:\/\/api.w.org\/{rel}","templated":true}]}}