
{"id":6783,"date":"2021-07-19T11:14:06","date_gmt":"2021-07-19T16:14:06","guid":{"rendered":"http:\/\/165.227.80.19\/californiaedit\/?post_type=product&#038;p=6783"},"modified":"2026-03-23T21:07:10","modified_gmt":"2026-03-24T02:07:10","slug":"la-entrevista","status":"publish","type":"product","link":"https:\/\/california-edit.com\/index.php\/product\/la-entrevista\/","title":{"rendered":"La Entrevista"},"content":{"rendered":"<p>Es un espacio que traduce lo cl\u00ednico, lo metodol\u00f3gico, y lo social de la\u00a0psicolog\u00eda, pero desde all\u00ed viaja por muchos otros campos que la trabajan de manera que\u00a0disciplinariamente es un cruce de caminos, un interface. Es tambi\u00e9n un instrumento que\u00a0resume la observaci\u00f3n, la escucha, la empat\u00eda, la pr\u00e1ctica investigativa. Como bien lo dice\u00a0la autora \u201ccada entrevista es una aventura\u201d, parad\u00f3jicamente por ello mismo requiere\u00a0estudiarse de manera seria y sistem\u00e1tica. Este nuevo texto que entrega Carmen Elvira\u00a0Navia Arroyo, con su reconocida trayectoria y experticia, resulta especialmente\u00a0pertinente. Escrito en primera persona, en un lenguaje claro y directo que evita la rigidez\u00a0del lenguaje acad\u00e9mico, tiene una especial y natural fluidez que garantiza su \u00e9xito.<\/p>\n<p>Pensado para estudiantes, aunque est\u00e1 lejos de detenerse en ese \u00fanico p\u00fablico, ser\u00e1 una\u00a0referencia para muchos profesionales de muchas disciplinas.<\/p>\n","protected":false},"excerpt":{"rendered":"<p>La ENTREVISTA es un espacio que traduce lo cl\u00ednico, lo metodol\u00f3gico, y lo social de la\u00a0psicolog\u00eda, pero desde all\u00ed viaja por muchos otros campos que la trabajan de manera que\u00a0disciplinariamente es un cruce de caminos, un interface. Es tambi\u00e9n un instrumento que\u00a0resume la observaci\u00f3n, la escucha, la empat\u00eda, la pr\u00e1ctica investigativa. Como bien lo dice\u00a0la autora \u201ccada entrevista es una aventura\u201d, parad\u00f3jicamente por ello mismo requiere\u00a0estudiarse de manera seria y sistem\u00e1tica. Este nuevo texto que entrega Carmen Elvira\u00a0Navia Arroyo, con su reconocida trayectoria y experticia, resulta especialmente\u00a0pertinente. Escrito en primera persona, en un lenguaje claro y directo que evita la rigidez\u00a0del lenguaje acad\u00e9mico, tiene una especial y natural fluidez que garantiza su \u00e9xito.<\/p>\n<p>Pensado para estudiantes, aunque est\u00e1 lejos de detenerse en ese \u00fanico p\u00fablico, ser\u00e1 una\u00a0referencia para muchos profesionales de muchas disciplinas.<\/p>\n","protected":false},"featured_media":6785,"comment_status":"open","ping_status":"closed","template":"","meta":{"_monsterinsights_skip_tracking":false,"_monsterinsights_sitenote_active":false,"_monsterinsights_sitenote_note":"","_monsterinsights_sitenote_category":0},"product_cat":[194],"product_tag":[],"class_list":["post-6783","product","type-product","status-publish","has-post-thumbnail","hentry","product_cat-gratuito"],"yoast_head":"<!-- This site is optimized with the Yoast SEO plugin v16.6.1 - https:\/\/yoast.com\/wordpress\/plugins\/seo\/ -->\n<title>La Entrevista - california-edit<\/title>\n<meta name=\"robots\" content=\"index, follow, max-snippet:-1, max-image-preview:large, max-video-preview:-1\" \/>\n<link rel=\"canonical\" href=\"https:\/\/california-edit.com\/index.php\/product\/la-entrevista\/\" \/>\n<meta property=\"og:locale\" content=\"es_ES\" \/>\n<meta property=\"og:type\" content=\"article\" \/>\n<meta property=\"og:title\" content=\"La Entrevista - california-edit\" \/>\n<meta property=\"og:description\" content=\"La ENTREVISTA es un espacio que traduce lo cl\u00ednico, lo metodol\u00f3gico, y lo social de la\u00a0psicolog\u00eda, pero desde all\u00ed viaja por muchos otros campos que la trabajan de manera que\u00a0disciplinariamente es un cruce de caminos, un interface. Es tambi\u00e9n un instrumento que\u00a0resume la observaci\u00f3n, la escucha, la empat\u00eda, la pr\u00e1ctica investigativa. Como bien lo dice\u00a0la autora \u201ccada entrevista es una aventura\u201d, parad\u00f3jicamente por ello mismo requiere\u00a0estudiarse de manera seria y sistem\u00e1tica. Este nuevo texto que entrega Carmen Elvira\u00a0Navia Arroyo, con su reconocida trayectoria y experticia, resulta especialmente\u00a0pertinente. Escrito en primera persona, en un lenguaje claro y directo que evita la rigidez\u00a0del lenguaje acad\u00e9mico, tiene una especial y natural fluidez que garantiza su \u00e9xito.  Pensado para estudiantes, aunque est\u00e1 lejos de detenerse en ese \u00fanico p\u00fablico, ser\u00e1 una\u00a0referencia para muchos profesionales de muchas disciplinas.\" \/>\n<meta property=\"og:url\" content=\"https:\/\/california-edit.com\/index.php\/product\/la-entrevista\/\" \/>\n<meta property=\"og:site_name\" content=\"california-edit\" \/>\n<meta property=\"article:publisher\" content=\"https:\/\/www.facebook.com\/califoniaedit\/\" \/>\n<meta property=\"article:modified_time\" content=\"2026-03-24T02:07:10+00:00\" \/>\n<meta property=\"og:image\" content=\"https:\/\/california-edit.com\/wp-content\/uploads\/2021\/07\/cover.jpg\" \/>\n\t<meta property=\"og:image:width\" content=\"400\" \/>\n\t<meta property=\"og:image:height\" content=\"530\" \/>\n<meta name=\"twitter:card\" content=\"summary_large_image\" \/>\n<meta name=\"twitter:label1\" content=\"Tiempo estimado de lectura\" \/>\n\t<meta name=\"twitter:data1\" content=\"1 minuto\" \/>\n<script type=\"application\/ld+json\" class=\"yoast-schema-graph\">{\"@context\":\"https:\/\/schema.org\",\"@graph\":[{\"@type\":\"Organization\",\"@id\":\"https:\/\/california-edit.com\/#organization\",\"name\":\"California edit\",\"url\":\"https:\/\/california-edit.com\/\",\"sameAs\":[\"https:\/\/www.facebook.com\/califoniaedit\/\",\"https:\/\/www.instagram.com\/californiaedit\/\"],\"logo\":{\"@type\":\"ImageObject\",\"@id\":\"https:\/\/california-edit.com\/#logo\",\"inLanguage\":\"es-CO\",\"url\":\"https:\/\/california-edit.com\/wp-content\/uploads\/2021\/07\/logo.png\",\"contentUrl\":\"https:\/\/california-edit.com\/wp-content\/uploads\/2021\/07\/logo.png\",\"width\":872,\"height\":250,\"caption\":\"California edit\"},\"image\":{\"@id\":\"https:\/\/california-edit.com\/#logo\"}},{\"@type\":\"WebSite\",\"@id\":\"https:\/\/california-edit.com\/#website\",\"url\":\"https:\/\/california-edit.com\/\",\"name\":\"california-edit\",\"description\":\"California edit es una plataforma para la creaci\\u00f3n, y divulgaci\\u00f3n de contenidos digitales.\",\"publisher\":{\"@id\":\"https:\/\/california-edit.com\/#organization\"},\"potentialAction\":[{\"@type\":\"SearchAction\",\"target\":{\"@type\":\"EntryPoint\",\"urlTemplate\":\"https:\/\/california-edit.com\/?s={search_term_string}\"},\"query-input\":\"required name=search_term_string\"}],\"inLanguage\":\"es-CO\"},{\"@type\":\"ImageObject\",\"@id\":\"https:\/\/california-edit.com\/index.php\/product\/la-entrevista\/#primaryimage\",\"inLanguage\":\"es-CO\",\"url\":\"https:\/\/california-edit.com\/wp-content\/uploads\/2021\/07\/cover.jpg\",\"contentUrl\":\"https:\/\/california-edit.com\/wp-content\/uploads\/2021\/07\/cover.jpg\",\"width\":400,\"height\":530},{\"@type\":\"WebPage\",\"@id\":\"https:\/\/california-edit.com\/index.php\/product\/la-entrevista\/#webpage\",\"url\":\"https:\/\/california-edit.com\/index.php\/product\/la-entrevista\/\",\"name\":\"La Entrevista - california-edit\",\"isPartOf\":{\"@id\":\"https:\/\/california-edit.com\/#website\"},\"primaryImageOfPage\":{\"@id\":\"https:\/\/california-edit.com\/index.php\/product\/la-entrevista\/#primaryimage\"},\"datePublished\":\"2021-07-19T16:14:06+00:00\",\"dateModified\":\"2026-03-24T02:07:10+00:00\",\"breadcrumb\":{\"@id\":\"https:\/\/california-edit.com\/index.php\/product\/la-entrevista\/#breadcrumb\"},\"inLanguage\":\"es-CO\",\"potentialAction\":[{\"@type\":\"ReadAction\",\"target\":[\"https:\/\/california-edit.com\/index.php\/product\/la-entrevista\/\"]}]},{\"@type\":\"BreadcrumbList\",\"@id\":\"https:\/\/california-edit.com\/index.php\/product\/la-entrevista\/#breadcrumb\",\"itemListElement\":[{\"@type\":\"ListItem\",\"position\":1,\"name\":\"Home\",\"item\":\"https:\/\/california-edit.com\/\"},{\"@type\":\"ListItem\",\"position\":2,\"name\":\"Shop\",\"item\":\"https:\/\/california-edit.com\/index.php\/shop\/\"},{\"@type\":\"ListItem\",\"position\":3,\"name\":\"La Entrevista\"}]}]}<\/script>\n<!-- \/ Yoast SEO plugin. -->","_links":{"self":[{"href":"https:\/\/california-edit.com\/index.php\/wp-json\/wp\/v2\/product\/6783","targetHints":{"allow":["GET"]}}],"collection":[{"href":"https:\/\/california-edit.com\/index.php\/wp-json\/wp\/v2\/product"}],"about":[{"href":"https:\/\/california-edit.com\/index.php\/wp-json\/wp\/v2\/types\/product"}],"replies":[{"embeddable":true,"href":"https:\/\/california-edit.com\/index.php\/wp-json\/wp\/v2\/comments?post=6783"}],"wp:featuredmedia":[{"embeddable":true,"href":"https:\/\/california-edit.com\/index.php\/wp-json\/wp\/v2\/media\/6785"}],"wp:attachment":[{"href":"https:\/\/california-edit.com\/index.php\/wp-json\/wp\/v2\/media?parent=6783"}],"wp:term":[{"taxonomy":"product_cat","embeddable":true,"href":"https:\/\/california-edit.com\/index.php\/wp-json\/wp\/v2\/product_cat?post=6783"},{"taxonomy":"product_tag","embeddable":true,"href":"https:\/\/california-edit.com\/index.php\/wp-json\/wp\/v2\/product_tag?post=6783"}],"curies":[{"name":"wp","href":"https:\/\/api.w.org\/{rel}","templated":true}]}}