
{"id":6780,"date":"2021-07-19T11:05:57","date_gmt":"2021-07-19T16:05:57","guid":{"rendered":"http:\/\/165.227.80.19\/californiaedit\/?post_type=product&#038;p=6780"},"modified":"2026-04-10T10:36:41","modified_gmt":"2026-04-10T15:36:41","slug":"la-justicia-desde-las-victimas","status":"publish","type":"product","link":"https:\/\/california-edit.com\/index.php\/product\/la-justicia-desde-las-victimas\/","title":{"rendered":"La justicia desde las v\u00edctimas"},"content":{"rendered":"<p>Se habla mucho de las v\u00edctimas pero rara vez se realiza el esfuerzo de conocer desde su punto de vista, la realidad que han vivido y que los determina. El conflicto y el llamado postconflicto en Colombia, exige que psic\u00f3logos y estudiosos de las ciencias humanas contribuyamos a entender el nuevo tejido de la realidad social, sus agentes, sus relaciones y la recomposici\u00f3n de sus lugares.<\/p>\n","protected":false},"excerpt":{"rendered":"<p>Se habla mucho de las v\u00edctimas pero rara vez se realiza el esfuerzo de conocer desde su punto de vista, la realidad que han vivido y que los determina. El conflicto y el llamado postconflicto en Colombia, exige que psic\u00f3logos y estudiosos de las ciencias humanas contribuyamos a entender el nuevo tejido de la realidad social, sus agentes, sus relaciones y la recomposici\u00f3n de sus lugares. Esta obra de Fernando D\u00edaz-Colorado es una lectura y contribuye al estudio imprescindible en el momento actual del pa\u00eds. Basado en la frontera entre lo que la legislaci\u00f3n establece y la realidad psicol\u00f3gica de la v\u00edctima, este trabajo es es un aporte juicioso y serio para empezar a trabajar en ello. Para el autor, se necesitan otras categor\u00edas mas all\u00e1 de las que proporciona el derecho para definir el da\u00f1o vivido por las v\u00edctimas. Es all\u00ed donde este ebook produce su mejor aporte.<\/p>\n<div><label class=\"titulo\">Este libro contiene:<\/label><\/div>\n<div><\/div>\n<div><strong>CAP\u00cdTULO I:\u00a0ANTECEDENTES HIST\u00d3RICOS<\/strong><\/div>\n<p>La victimizaci\u00f3n<br \/>\nLas necesidades de las v\u00edctimas<br \/>\nEl movimiento de las v\u00edctimas<br \/>\nConcepto de victimolog\u00eda<\/p>\n<div><\/div>\n<div><strong>CAP\u00cdTULO II:\u00a0LA SALUD MENTAL Y LOS DERECHOS DE LAS V\u00cdCTIMAS<\/strong><\/div>\n<p>El Derecho a la Salud Mental<br \/>\nSalud Mental en Colombia<br \/>\nSalud y Derechos Humanos<br \/>\nViolencia y Salud Mental<br \/>\nViolencia y Conflicto Armado<br \/>\nLegislaci\u00f3n internacional y las v\u00edctimas<br \/>\nEl papel de la ONU<br \/>\nConsejo de la Uni\u00f3n europea<br \/>\nLa Justicia Restaurativa<br \/>\nDerechos de las v\u00edctimas y violaciones al DIH Y DD.HH<br \/>\nEl Estatuto de Roma<\/p>\n<div><strong>CAP\u00cdTULO III:\u00a0TRAUMA COLECTIVO<\/strong><\/div>\n<p>Fundamentos Te\u00f3ricos del Trauma y la cultura<br \/>\nTrauma, Violencia y Terrorismo<br \/>\nPerspectiva psicosocial del trauma<br \/>\nCultura y Trauma<br \/>\nEl Trauma y las Masacres<br \/>\nLa fortaleza y la debilidad de la Cultura ante el Trauma<br \/>\nEl Trauma intencional<br \/>\nDerechos de las v\u00edctimas y violaciones al DIH Y DD.HH<br \/>\nFabricaci\u00f3n de los Traumas Intencionales<\/p>\n<div><strong>CAP\u00cdTULO IV:\u00a0ASISTENCIA A LAS V\u00cdCTIMAS<\/strong><\/div>\n<p>Aspectos Legales Internacionales de la Asistencia a las v\u00edctimas<br \/>\nLa posici\u00f3n de las v\u00edctimas en los procesos penales<br \/>\nLa ayuda a las v\u00edctimas y la prevenci\u00f3n de la victimizaci\u00f3n<br \/>\nLa prevenci\u00f3n de la victimizaci\u00f3n<br \/>\nFundamentos Para Brindar Asistencia Victimol\u00f3gica<br \/>\nLa atenci\u00f3n a las necesidades de las v\u00edctimas<br \/>\nLa atenci\u00f3n a las necesidades de las v\u00edctimas<br \/>\nTipos de Programas de Asistencia<br \/>\nAtenci\u00f3n a V\u00edctimas de Violaciones a los Derechos Humanos<br \/>\nante el Sistema Interamericano de Derechos Humanos<br \/>\nPerspectiva Psicojur\u00eddica<br \/>\nEl enfoque de g\u00e9nero y las violaciones graves a los Derechos Humanos<br \/>\nAtenci\u00f3n a ni\u00f1os (as) testigos<br \/>\nEl Psic\u00f3logo y la Asistencia a las V\u00edctimas<br \/>\nCaracter\u00edsticas de los Centros de Asistencia<br \/>\nProgramas de Asistencia y Reparaci\u00f3n a las V\u00edctimas en Colombia<br \/>\nRuta de Atenci\u00f3n y Reparaci\u00f3n Integral de La Unidad de Reparaci\u00f3n a V\u00edctimas<br \/>\nLa Reparaci\u00f3n Integral<br \/>\nConcepto y alcance<br \/>\nAtenci\u00f3n psicosocial a las v\u00edctimas<br \/>\nDimensi\u00f3n psicosocial de la reparaci\u00f3n<br \/>\nLas caracter\u00edsticas de la atenci\u00f3n psicosocial<\/p>\n<div><strong>CAP\u00cdTULO V:\u00a0EL DA\u00d1O PSICOL\u00d3GICO Y LA VIOLENCIA POL\u00cdTICA<\/strong><\/div>\n<p>El da\u00f1o y el Derecho<br \/>\nDa\u00f1o y violencia pol\u00edtica<br \/>\nProyecto de vida y violencia<\/p>\n<div><strong>CAP\u00cdTULO VI:\u00a0PSICOLOG\u00cdA FORENSE VICTIMOL\u00d3GICA<\/strong><\/div>\n<p>Diferencias Entre La Intervenci\u00f3n Terap\u00e9utica Y La Valoraci\u00f3n Forense<br \/>\nLos Peritajes en los Casos de Graves Violaciones a los Derechos Humanos<br \/>\nRecomendaciones para la valoraci\u00f3n del Da\u00f1o al Proyecto de Vida<\/p>\n","protected":false},"featured_media":6782,"comment_status":"open","ping_status":"closed","template":"","meta":{"_monsterinsights_skip_tracking":false,"_monsterinsights_sitenote_active":false,"_monsterinsights_sitenote_note":"","_monsterinsights_sitenote_category":0},"product_cat":[15],"product_tag":[],"class_list":["post-6780","product","type-product","status-publish","has-post-thumbnail","hentry","product_cat-sin-categoria"],"yoast_head":"<!-- This site is optimized with the Yoast SEO plugin v16.6.1 - https:\/\/yoast.com\/wordpress\/plugins\/seo\/ -->\n<title>La justicia desde las v\u00edctimas - california-edit<\/title>\n<meta name=\"robots\" content=\"index, follow, max-snippet:-1, max-image-preview:large, max-video-preview:-1\" \/>\n<link rel=\"canonical\" href=\"https:\/\/california-edit.com\/index.php\/product\/la-justicia-desde-las-victimas\/\" \/>\n<meta property=\"og:locale\" content=\"es_ES\" \/>\n<meta property=\"og:type\" content=\"article\" \/>\n<meta property=\"og:title\" content=\"La justicia desde las v\u00edctimas - california-edit\" \/>\n<meta property=\"og:description\" content=\"Se habla mucho de las v\u00edctimas pero rara vez se realiza el esfuerzo de conocer desde su punto de vista, la realidad que han vivido y que los determina. El conflicto y el llamado postconflicto en Colombia, exige que psic\u00f3logos y estudiosos de las ciencias humanas contribuyamos a entender el nuevo tejido de la realidad social, sus agentes, sus relaciones y la recomposici\u00f3n de sus lugares. Esta obra de Fernando D\u00edaz-Colorado es una lectura y contribuye al estudio imprescindible en el momento actual del pa\u00eds. Basado en la frontera entre lo que la legislaci\u00f3n establece y la realidad psicol\u00f3gica de la v\u00edctima, este trabajo es es un aporte juicioso y serio para empezar a trabajar en ello. Para el autor, se necesitan otras categor\u00edas mas all\u00e1 de las que proporciona el derecho para definir el da\u00f1o vivido por las v\u00edctimas. Es all\u00ed donde este ebook produce su mejor aporte. Este libro contiene:  CAP\u00cdTULO I:\u00a0ANTECEDENTES HIST\u00d3RICOS La victimizaci\u00f3n Las necesidades de las v\u00edctimas El movimiento de las v\u00edctimas Concepto de victimolog\u00eda  CAP\u00cdTULO II:\u00a0LA SALUD MENTAL Y LOS DERECHOS DE LAS V\u00cdCTIMAS El Derecho a la Salud Mental Salud Mental en Colombia Salud y Derechos Humanos Violencia y Salud Mental Violencia y Conflicto Armado Legislaci\u00f3n internacional y las v\u00edctimas El papel de la ONU Consejo de la Uni\u00f3n europea La Justicia Restaurativa Derechos de las v\u00edctimas y violaciones al DIH Y DD.HH El Estatuto de Roma CAP\u00cdTULO III:\u00a0TRAUMA COLECTIVO Fundamentos Te\u00f3ricos del Trauma y la cultura Trauma, Violencia y Terrorismo Perspectiva psicosocial del trauma Cultura y Trauma El Trauma y las Masacres La fortaleza y la debilidad de la Cultura ante el Trauma El Trauma intencional Derechos de las v\u00edctimas y violaciones al DIH Y DD.HH Fabricaci\u00f3n de los Traumas Intencionales CAP\u00cdTULO IV:\u00a0ASISTENCIA A LAS V\u00cdCTIMAS Aspectos Legales Internacionales de la Asistencia a las v\u00edctimas La posici\u00f3n de las v\u00edctimas en los procesos penales La ayuda a las v\u00edctimas y la prevenci\u00f3n de la victimizaci\u00f3n La prevenci\u00f3n de la victimizaci\u00f3n Fundamentos Para Brindar Asistencia Victimol\u00f3gica La atenci\u00f3n a las necesidades de las v\u00edctimas La atenci\u00f3n a las necesidades de las v\u00edctimas Tipos de Programas de Asistencia Atenci\u00f3n a V\u00edctimas de Violaciones a los Derechos Humanos ante el Sistema Interamericano de Derechos Humanos Perspectiva Psicojur\u00eddica El enfoque de g\u00e9nero y las violaciones graves a los Derechos Humanos Atenci\u00f3n a ni\u00f1os (as) testigos El Psic\u00f3logo y la Asistencia a las V\u00edctimas Caracter\u00edsticas de los Centros de Asistencia Programas de Asistencia y Reparaci\u00f3n a las V\u00edctimas en Colombia Ruta de Atenci\u00f3n y Reparaci\u00f3n Integral de La Unidad de Reparaci\u00f3n a V\u00edctimas La Reparaci\u00f3n Integral Concepto y alcance Atenci\u00f3n psicosocial a las v\u00edctimas Dimensi\u00f3n psicosocial de la reparaci\u00f3n Las caracter\u00edsticas de la atenci\u00f3n psicosocial CAP\u00cdTULO V:\u00a0EL DA\u00d1O PSICOL\u00d3GICO Y LA VIOLENCIA POL\u00cdTICA El da\u00f1o y el Derecho Da\u00f1o y violencia pol\u00edtica Proyecto de vida y violencia CAP\u00cdTULO VI:\u00a0PSICOLOG\u00cdA FORENSE VICTIMOL\u00d3GICA Diferencias Entre La Intervenci\u00f3n Terap\u00e9utica Y La Valoraci\u00f3n Forense Los Peritajes en los Casos de Graves Violaciones a los Derechos Humanos Recomendaciones para la valoraci\u00f3n del Da\u00f1o al Proyecto de Vida\" \/>\n<meta property=\"og:url\" content=\"https:\/\/california-edit.com\/index.php\/product\/la-justicia-desde-las-victimas\/\" \/>\n<meta property=\"og:site_name\" content=\"california-edit\" \/>\n<meta property=\"article:publisher\" content=\"https:\/\/www.facebook.com\/califoniaedit\/\" \/>\n<meta property=\"article:modified_time\" content=\"2026-04-10T15:36:41+00:00\" \/>\n<meta property=\"og:image\" content=\"https:\/\/california-edit.com\/wp-content\/uploads\/2021\/07\/listado-justicia.jpeg\" \/>\n\t<meta property=\"og:image:width\" content=\"400\" \/>\n\t<meta property=\"og:image:height\" content=\"530\" \/>\n<meta name=\"twitter:card\" content=\"summary_large_image\" \/>\n<meta name=\"twitter:label1\" content=\"Tiempo estimado de lectura\" \/>\n\t<meta name=\"twitter:data1\" content=\"1 minuto\" \/>\n<script type=\"application\/ld+json\" class=\"yoast-schema-graph\">{\"@context\":\"https:\/\/schema.org\",\"@graph\":[{\"@type\":\"Organization\",\"@id\":\"https:\/\/california-edit.com\/#organization\",\"name\":\"California edit\",\"url\":\"https:\/\/california-edit.com\/\",\"sameAs\":[\"https:\/\/www.facebook.com\/califoniaedit\/\",\"https:\/\/www.instagram.com\/californiaedit\/\"],\"logo\":{\"@type\":\"ImageObject\",\"@id\":\"https:\/\/california-edit.com\/#logo\",\"inLanguage\":\"es-CO\",\"url\":\"https:\/\/california-edit.com\/wp-content\/uploads\/2021\/07\/logo.png\",\"contentUrl\":\"https:\/\/california-edit.com\/wp-content\/uploads\/2021\/07\/logo.png\",\"width\":872,\"height\":250,\"caption\":\"California edit\"},\"image\":{\"@id\":\"https:\/\/california-edit.com\/#logo\"}},{\"@type\":\"WebSite\",\"@id\":\"https:\/\/california-edit.com\/#website\",\"url\":\"https:\/\/california-edit.com\/\",\"name\":\"california-edit\",\"description\":\"California edit es una plataforma para la creaci\\u00f3n, y divulgaci\\u00f3n de contenidos digitales.\",\"publisher\":{\"@id\":\"https:\/\/california-edit.com\/#organization\"},\"potentialAction\":[{\"@type\":\"SearchAction\",\"target\":{\"@type\":\"EntryPoint\",\"urlTemplate\":\"https:\/\/california-edit.com\/?s={search_term_string}\"},\"query-input\":\"required name=search_term_string\"}],\"inLanguage\":\"es-CO\"},{\"@type\":\"ImageObject\",\"@id\":\"https:\/\/california-edit.com\/index.php\/product\/la-justicia-desde-las-victimas\/#primaryimage\",\"inLanguage\":\"es-CO\",\"url\":\"https:\/\/california-edit.com\/wp-content\/uploads\/2021\/07\/listado-justicia.jpeg\",\"contentUrl\":\"https:\/\/california-edit.com\/wp-content\/uploads\/2021\/07\/listado-justicia.jpeg\",\"width\":400,\"height\":530},{\"@type\":\"WebPage\",\"@id\":\"https:\/\/california-edit.com\/index.php\/product\/la-justicia-desde-las-victimas\/#webpage\",\"url\":\"https:\/\/california-edit.com\/index.php\/product\/la-justicia-desde-las-victimas\/\",\"name\":\"La justicia desde las v\\u00edctimas - california-edit\",\"isPartOf\":{\"@id\":\"https:\/\/california-edit.com\/#website\"},\"primaryImageOfPage\":{\"@id\":\"https:\/\/california-edit.com\/index.php\/product\/la-justicia-desde-las-victimas\/#primaryimage\"},\"datePublished\":\"2021-07-19T16:05:57+00:00\",\"dateModified\":\"2026-04-10T15:36:41+00:00\",\"breadcrumb\":{\"@id\":\"https:\/\/california-edit.com\/index.php\/product\/la-justicia-desde-las-victimas\/#breadcrumb\"},\"inLanguage\":\"es-CO\",\"potentialAction\":[{\"@type\":\"ReadAction\",\"target\":[\"https:\/\/california-edit.com\/index.php\/product\/la-justicia-desde-las-victimas\/\"]}]},{\"@type\":\"BreadcrumbList\",\"@id\":\"https:\/\/california-edit.com\/index.php\/product\/la-justicia-desde-las-victimas\/#breadcrumb\",\"itemListElement\":[{\"@type\":\"ListItem\",\"position\":1,\"name\":\"Home\",\"item\":\"https:\/\/california-edit.com\/\"},{\"@type\":\"ListItem\",\"position\":2,\"name\":\"Shop\",\"item\":\"https:\/\/california-edit.com\/index.php\/shop\/\"},{\"@type\":\"ListItem\",\"position\":3,\"name\":\"La justicia desde las v\\u00edctimas\"}]}]}<\/script>\n<!-- \/ Yoast SEO plugin. -->","_links":{"self":[{"href":"https:\/\/california-edit.com\/index.php\/wp-json\/wp\/v2\/product\/6780","targetHints":{"allow":["GET"]}}],"collection":[{"href":"https:\/\/california-edit.com\/index.php\/wp-json\/wp\/v2\/product"}],"about":[{"href":"https:\/\/california-edit.com\/index.php\/wp-json\/wp\/v2\/types\/product"}],"replies":[{"embeddable":true,"href":"https:\/\/california-edit.com\/index.php\/wp-json\/wp\/v2\/comments?post=6780"}],"wp:featuredmedia":[{"embeddable":true,"href":"https:\/\/california-edit.com\/index.php\/wp-json\/wp\/v2\/media\/6782"}],"wp:attachment":[{"href":"https:\/\/california-edit.com\/index.php\/wp-json\/wp\/v2\/media?parent=6780"}],"wp:term":[{"taxonomy":"product_cat","embeddable":true,"href":"https:\/\/california-edit.com\/index.php\/wp-json\/wp\/v2\/product_cat?post=6780"},{"taxonomy":"product_tag","embeddable":true,"href":"https:\/\/california-edit.com\/index.php\/wp-json\/wp\/v2\/product_tag?post=6780"}],"curies":[{"name":"wp","href":"https:\/\/api.w.org\/{rel}","templated":true}]}}