
{"id":6743,"date":"2021-07-06T17:44:48","date_gmt":"2021-07-06T22:44:48","guid":{"rendered":"http:\/\/165.227.80.19\/californiaedit\/?post_type=product&#038;p=6743"},"modified":"2026-02-24T09:13:27","modified_gmt":"2026-02-24T14:13:27","slug":"catorce-criminales-celebres-nacen-o-se-hacen","status":"publish","type":"product","link":"https:\/\/california-edit.com\/index.php\/product\/catorce-criminales-celebres-nacen-o-se-hacen\/","title":{"rendered":"Catorce criminales c\u00e9lebres \u00bfNacen o se hacen?"},"content":{"rendered":"<p style=\"text-align: center;\">\u00cdNDICE<\/p>\n<ul>\n<li style=\"text-align: left;\">Tabla de resumen: Grandes criminales a nivel mundial: de Gilles de Rais a Amarjeet Sada<\/li>\n<li style=\"text-align: left;\">Introducci\u00f3n<\/li>\n<li style=\"text-align: left;\">Cap\u00edtulo 1: Gilles de Rais (Francia)<\/li>\n<li style=\"text-align: left;\">Cap\u00edtulo 2: Ed Gein (USA)<\/li>\n<li style=\"text-align: left;\">Cap\u00edtulo 3: Charles Manson (USA)<\/li>\n<li style=\"text-align: left;\">Cap\u00edtulo 4: Andrei Chikatilo (Rusia)<\/li>\n<li style=\"text-align: left;\">Cap\u00edtulo 5: John Wayne Gacy (USA)<\/li>\n<li style=\"text-align: left;\">Cap\u00edtulo 6: Harold Shipman (Reino Unido)<\/li>\n<li style=\"text-align: left;\">Cap\u00edtulo 7: Ted Bundy (USA)<\/li>\n<li style=\"text-align: left;\">Cap\u00edtulo 8: Pedro Alonso L\u00f3pez (Colombia)<\/li>\n<li style=\"text-align: left;\">Cap\u00edtulo 9: Ed Kemper (USA)<\/li>\n<li style=\"text-align: left;\">Cap\u00edtulo 10: Gary Ridgway (USA)<\/li>\n<li style=\"text-align: left;\">Cap\u00edtulo 11: Pablo Escobar (Colombia)<\/li>\n<li style=\"text-align: left;\">Cap\u00edtulo 12: Luis Alfredo Garavito (Colombia)<\/li>\n<li style=\"text-align: left;\">Cap\u00edtulo 13: Richard Ram\u00edrez (USA)<\/li>\n<li style=\"text-align: left;\">Cap\u00edtulo 14: Jeffrey Dahmer (USA)<\/li>\n<li style=\"text-align: left;\">Cap\u00edtulo 15: Uniendo las fichas del rompecabezas<\/li>\n<\/ul>\n","protected":false},"excerpt":{"rendered":"<p>Como el t\u00edtulo lo anuncia, Augusto P\u00e9rez y Alejandra Villamil nos presentan 14 perfiles de criminales de distintas \u00e9pocas, pa\u00edses, e incluso contextos hist\u00f3ricos. De f\u00e1cil lectura, el texto crea la suficiente tensi\u00f3n para leerlo con una \u00e1videz que nos hace terminarlo rapidamente. Se desmonta el esquematismo que ha intentado establecer relaciones causales entre la infancia y la familia con las conductas criminales; las experiencias de la infancia y la adolescencia, por traum\u00e1ticas que sean, no son suficientes para explicar los actos de estos personajes. Queda, pues, en evidencia, la existencia de otros factores que permiten entender que se trata de relaciones m\u00e1s complejas. Estos perfiles proporcionan una visi\u00f3n de conjunto, que se integran como las fichas de un rompecabezas.<\/p>\n","protected":false},"featured_media":6744,"comment_status":"open","ping_status":"closed","template":"","meta":{"_monsterinsights_skip_tracking":false,"_monsterinsights_sitenote_active":false,"_monsterinsights_sitenote_note":"","_monsterinsights_sitenote_category":0},"product_cat":[15],"product_tag":[],"class_list":["post-6743","product","type-product","status-publish","has-post-thumbnail","hentry","product_cat-sin-categoria"],"yoast_head":"<!-- This site is optimized with the Yoast SEO plugin v16.6.1 - https:\/\/yoast.com\/wordpress\/plugins\/seo\/ -->\n<title>Catorce criminales c\u00e9lebres \u00bfNacen o se hacen? - california-edit<\/title>\n<meta name=\"robots\" content=\"index, follow, max-snippet:-1, max-image-preview:large, max-video-preview:-1\" \/>\n<link rel=\"canonical\" href=\"https:\/\/california-edit.com\/index.php\/product\/catorce-criminales-celebres-nacen-o-se-hacen\/\" \/>\n<meta property=\"og:locale\" content=\"es_ES\" \/>\n<meta property=\"og:type\" content=\"article\" \/>\n<meta property=\"og:title\" content=\"Catorce criminales c\u00e9lebres \u00bfNacen o se hacen? - california-edit\" \/>\n<meta property=\"og:description\" content=\"Como el t\u00edtulo lo anuncia, Augusto P\u00e9rez y Alejandra Villamil nos presentan 14 perfiles de criminales de distintas \u00e9pocas, pa\u00edses, e incluso contextos hist\u00f3ricos. De f\u00e1cil lectura, el texto crea la suficiente tensi\u00f3n para leerlo con una \u00e1videz que nos hace terminarlo rapidamente. Se desmonta el esquematismo que ha intentado establecer relaciones causales entre la infancia y la familia con las conductas criminales; las experiencias de la infancia y la adolescencia, por traum\u00e1ticas que sean, no son suficientes para explicar los actos de estos personajes. Queda, pues, en evidencia, la existencia de otros factores que permiten entender que se trata de relaciones m\u00e1s complejas. Estos perfiles proporcionan una visi\u00f3n de conjunto, que se integran como las fichas de un rompecabezas.\" \/>\n<meta property=\"og:url\" content=\"https:\/\/california-edit.com\/index.php\/product\/catorce-criminales-celebres-nacen-o-se-hacen\/\" \/>\n<meta property=\"og:site_name\" content=\"california-edit\" \/>\n<meta property=\"article:publisher\" content=\"https:\/\/www.facebook.com\/califoniaedit\/\" \/>\n<meta property=\"article:modified_time\" content=\"2026-02-24T14:13:27+00:00\" \/>\n<meta property=\"og:image\" content=\"https:\/\/california-edit.com\/wp-content\/uploads\/2021\/07\/catorce-criminales.jpg\" \/>\n\t<meta property=\"og:image:width\" content=\"600\" \/>\n\t<meta property=\"og:image:height\" content=\"800\" \/>\n<meta name=\"twitter:card\" content=\"summary_large_image\" \/>\n<meta name=\"twitter:label1\" content=\"Tiempo estimado de lectura\" \/>\n\t<meta name=\"twitter:data1\" content=\"1 minuto\" \/>\n<script type=\"application\/ld+json\" class=\"yoast-schema-graph\">{\"@context\":\"https:\/\/schema.org\",\"@graph\":[{\"@type\":\"Organization\",\"@id\":\"https:\/\/california-edit.com\/#organization\",\"name\":\"California edit\",\"url\":\"https:\/\/california-edit.com\/\",\"sameAs\":[\"https:\/\/www.facebook.com\/califoniaedit\/\",\"https:\/\/www.instagram.com\/californiaedit\/\"],\"logo\":{\"@type\":\"ImageObject\",\"@id\":\"https:\/\/california-edit.com\/#logo\",\"inLanguage\":\"es-CO\",\"url\":\"https:\/\/california-edit.com\/wp-content\/uploads\/2021\/07\/logo.png\",\"contentUrl\":\"https:\/\/california-edit.com\/wp-content\/uploads\/2021\/07\/logo.png\",\"width\":872,\"height\":250,\"caption\":\"California edit\"},\"image\":{\"@id\":\"https:\/\/california-edit.com\/#logo\"}},{\"@type\":\"WebSite\",\"@id\":\"https:\/\/california-edit.com\/#website\",\"url\":\"https:\/\/california-edit.com\/\",\"name\":\"california-edit\",\"description\":\"California edit es una plataforma para la creaci\\u00f3n, y divulgaci\\u00f3n de contenidos digitales.\",\"publisher\":{\"@id\":\"https:\/\/california-edit.com\/#organization\"},\"potentialAction\":[{\"@type\":\"SearchAction\",\"target\":{\"@type\":\"EntryPoint\",\"urlTemplate\":\"https:\/\/california-edit.com\/?s={search_term_string}\"},\"query-input\":\"required name=search_term_string\"}],\"inLanguage\":\"es-CO\"},{\"@type\":\"ImageObject\",\"@id\":\"https:\/\/california-edit.com\/index.php\/product\/catorce-criminales-celebres-nacen-o-se-hacen\/#primaryimage\",\"inLanguage\":\"es-CO\",\"url\":\"https:\/\/california-edit.com\/wp-content\/uploads\/2021\/07\/catorce-criminales.jpg\",\"contentUrl\":\"https:\/\/california-edit.com\/wp-content\/uploads\/2021\/07\/catorce-criminales.jpg\",\"width\":600,\"height\":800},{\"@type\":\"WebPage\",\"@id\":\"https:\/\/california-edit.com\/index.php\/product\/catorce-criminales-celebres-nacen-o-se-hacen\/#webpage\",\"url\":\"https:\/\/california-edit.com\/index.php\/product\/catorce-criminales-celebres-nacen-o-se-hacen\/\",\"name\":\"Catorce criminales c\\u00e9lebres \\u00bfNacen o se hacen? - california-edit\",\"isPartOf\":{\"@id\":\"https:\/\/california-edit.com\/#website\"},\"primaryImageOfPage\":{\"@id\":\"https:\/\/california-edit.com\/index.php\/product\/catorce-criminales-celebres-nacen-o-se-hacen\/#primaryimage\"},\"datePublished\":\"2021-07-06T22:44:48+00:00\",\"dateModified\":\"2026-02-24T14:13:27+00:00\",\"breadcrumb\":{\"@id\":\"https:\/\/california-edit.com\/index.php\/product\/catorce-criminales-celebres-nacen-o-se-hacen\/#breadcrumb\"},\"inLanguage\":\"es-CO\",\"potentialAction\":[{\"@type\":\"ReadAction\",\"target\":[\"https:\/\/california-edit.com\/index.php\/product\/catorce-criminales-celebres-nacen-o-se-hacen\/\"]}]},{\"@type\":\"BreadcrumbList\",\"@id\":\"https:\/\/california-edit.com\/index.php\/product\/catorce-criminales-celebres-nacen-o-se-hacen\/#breadcrumb\",\"itemListElement\":[{\"@type\":\"ListItem\",\"position\":1,\"name\":\"Home\",\"item\":\"https:\/\/california-edit.com\/\"},{\"@type\":\"ListItem\",\"position\":2,\"name\":\"Shop\",\"item\":\"https:\/\/california-edit.com\/index.php\/shop\/\"},{\"@type\":\"ListItem\",\"position\":3,\"name\":\"Catorce criminales c\\u00e9lebres \\u00bfNacen o se hacen?\"}]}]}<\/script>\n<!-- \/ Yoast SEO plugin. -->","_links":{"self":[{"href":"https:\/\/california-edit.com\/index.php\/wp-json\/wp\/v2\/product\/6743","targetHints":{"allow":["GET"]}}],"collection":[{"href":"https:\/\/california-edit.com\/index.php\/wp-json\/wp\/v2\/product"}],"about":[{"href":"https:\/\/california-edit.com\/index.php\/wp-json\/wp\/v2\/types\/product"}],"replies":[{"embeddable":true,"href":"https:\/\/california-edit.com\/index.php\/wp-json\/wp\/v2\/comments?post=6743"}],"wp:featuredmedia":[{"embeddable":true,"href":"https:\/\/california-edit.com\/index.php\/wp-json\/wp\/v2\/media\/6744"}],"wp:attachment":[{"href":"https:\/\/california-edit.com\/index.php\/wp-json\/wp\/v2\/media?parent=6743"}],"wp:term":[{"taxonomy":"product_cat","embeddable":true,"href":"https:\/\/california-edit.com\/index.php\/wp-json\/wp\/v2\/product_cat?post=6743"},{"taxonomy":"product_tag","embeddable":true,"href":"https:\/\/california-edit.com\/index.php\/wp-json\/wp\/v2\/product_tag?post=6743"}],"curies":[{"name":"wp","href":"https:\/\/api.w.org\/{rel}","templated":true}]}}