
{"id":6866,"date":"2021-07-23T14:39:48","date_gmt":"2021-07-23T19:39:48","guid":{"rendered":"https:\/\/california-edit.com\/?page_id=6866"},"modified":"2023-08-08T07:37:08","modified_gmt":"2023-08-08T12:37:08","slug":"rebeca-puche-navarro","status":"publish","type":"page","link":"https:\/\/california-edit.com\/index.php\/rebeca-puche-navarro\/","title":{"rendered":"Rebeca Puche Navarro"},"content":{"rendered":"<p>[vc_row][vc_column][vc_single_image image=&#8221;6868&#8243; img_size=&#8221;large&#8221; alignment=&#8221;center&#8221;][vc_single_image image=&#8221;6868&#8243; img_size=&#8221;completo&#8221;][vc_column_text]<\/p>\n<p class=\"p1\">Desde que me inicie en mi vida acad\u00e9mica, en las\u00a0 pr\u00e1cticas investigativas siempre me han acompa\u00f1ado momentos de gran incertidumbre,\u00a0 que se han repetido muchas veces a lo largo de cada proyecto. Momentos en los que me siento perdida, donde no s\u00e9 exactamente para d\u00f3nde van los datos, ni que puedo hacer con ellos\u201d.<\/p>\n<p class=\"p1\">Soy Rebeca Puche Navarro y estas son algunas de mis publicaciones. Las encontraran por \u00e1reas, historia de la psicolog\u00eda, cuestiones metodol\u00f3gicas, estudios sobre el desarrollo pensamientos cient\u00edfico y desarrollo del humor en el ni\u00f1o. Los que me parece que pueden ser los definitivos son los textos espec\u00edficos sobre el desarrollo cognitivo desde los sistemas din\u00e1micos no lineales. Veremos.<\/p>\n<p class=\"p1\">Comienzo la p\u00e1gina con algunos textos de historia de la psicolog\u00eda y de reflexiones sobre mi oficio investigativo, poco a poco ir\u00e9 a\u00f1adiendo textos (todo depende de los famosos derechos reservados). La realidad es que al seleccionarlas he sentido una cierta nostalgia. He querido reescribir algunas, pero me lo he negado.<\/p>\n<p>Espero que alimenten algunas reflexiones y que me las dejen saber. Eso ser\u00e1 una manera de re-pensarlas.[\/vc_column_text][\/vc_column][\/vc_row][vc_row][vc_column][vc_tta_accordion][vc_tta_section title=&#8221;Desarrollo Cognitivo&#8221; tab_id=&#8221;1627309981095-94c24c05-857e&#8221;][vc_column_text]<\/p>\n<ul>\n<li><a href=\"https:\/\/california-edit.com\/pdf\/2_humor%20grafico.pdf\" target=\"_blank\" rel=\"noopener\">Humor gr\u00e1fico y compresi\u00f3n de deseos<\/a><\/li>\n<li><a href=\"https:\/\/california-edit.com\/pdf\/Miradas%20recientes%20al%20recien%20nacido2_compressed.pdf\">Miradas recientes al reci\u00e9n nacido<\/a><\/li>\n<li><a href=\"https:\/\/california-edit.com\/pdf\/Percepcion%20intermdal%20y%20desarrollo%20el%20caso%20de%20reconocimiento%20haptico%204.pdf\">Percepci\u00f3n intermodal y desarrollo. El caso del reconocimiento h\u00e1ptico y visual de una forma<\/a><\/li>\n<\/ul>\n<p>[\/vc_column_text][\/vc_tta_section][vc_tta_section title=&#8221;Desarrollo Cognitivo y Sistemas Din\u00e1micos no Lineales&#8221; tab_id=&#8221;1627311633461-9c0e9f36-0900&#8243;][vc_column_text]<\/p>\n<ul>\n<li><a href=\"https:\/\/california-edit.com\/pdf\/Copia%20de%20Oss%20&amp;%20Puche%20MODELOS%20BAYESIANOS%20ACTA%202010.pdf\" target=\"_blank\" rel=\"noopener\">Modelos Bayesianos y funcionamientos inferenciales complejos<\/a><\/li>\n<li><a href=\"https:\/\/california-edit.com\/pdf\/07_Cerchiaro%202018%20etal.pdf\">Funcionamientos Inferenciales en Ni\u00f1os Caminadores: un Acercamiento al Microdesarrollo en una Tarea de Resoluci\u00f3n de Problemas<\/a><\/li>\n<li><a href=\"https:\/\/california-edit.com\/pdf\/Retos%20y%20desafios%20desde%20los%20SDNL%20al%20estudio%20del%20Desarrollo%20Cognitivo.pdf\">RETOS Y DESAF\u00cdOS: El Desarrollo Cognitivo desde los Sistemas Din\u00e1micos No Lineales<\/a><\/li>\n<li><a href=\"https:\/\/california-edit.com\/pdf\/%C2%BFQu%C3%A9%20esta%20pasando%20en%20el%20Dllo%20COgnitivo_%20Puche%20&amp;%20OSSa.pdf\">\u00bfQu\u00e9 est\u00e1 pasando en el campo del desarrollo cognitivo?<\/a><\/li>\n<\/ul>\n<p>[\/vc_column_text][\/vc_tta_section][vc_tta_section title=&#8221;Historia&#8221; tab_id=&#8221;1627309981094-7e35a3f3-315e&#8221;][vc_column_text]<\/p>\n<ul>\n<li><a href=\"https:\/\/california-edit.com\/pdf\/Trazos%20para%20un%20Panorama(1).pdf\" target=\"_blank\" rel=\"noopener\">Trazos para un panorama de los postgrados y la investigaci\u00f3n en psicolog\u00eda en Colombia<\/a><\/li>\n<li><a href=\"https:\/\/california-edit.com\/pdf\/Elem_relevantes_Arte_psico_Academica%202.pdf\">Elementos relevantes para pensar un \u2018estado del arte de la psicolog\u00eda acad\u00e9mica\u2019 en Colombia<\/a><\/li>\n<li><a href=\"https:\/\/california-edit.com\/pdf\/%C2%BFEncuentro%20de%20improbables.pdf\">\u00bfEncuentro de improbables?<\/a><\/li>\n<li><a href=\"https:\/\/california-edit.com\/pdf\/RP%20una%20alternativa%20integrad-19472-1-PB.pdf\">La resoluci\u00f3n de problemas, \u00bfuna alternativa integradora?<\/a><\/li>\n<li><a href=\"https:\/\/california-edit.com\/pdf\/Karmiloff-Smit%20Mas%20alla.pdf\">M\u00e1s all\u00e1 del desarrollo y m\u00e1s ac\u00e1 del cambio: La propuesta de Karmiloff-Smith<\/a><\/li>\n<li><a href=\"https:\/\/california-edit.com\/pdf\/Que%20hay%20de%20nuevo%20en%20el%20Metodo%20Microgenetico.pdf\">\u00bfQu\u00e9 hay de nuevo en el m\u00e9todo microgen\u00e9tico? M\u00e1s all\u00e1 de las estrategias y m\u00e1s ac\u00e1 del funcionamiento cognitivo del sujeto<\/a><\/li>\n<\/ul>\n<p>[\/vc_column_text][\/vc_tta_section][vc_tta_section title=&#8221;Aqu\u00ed podr\u00e1 encontrar algunos de sus textos&#8221; tab_id=&#8221;1691497378108-9987c2a3-1b08&#8243;][vc_column_text]Dar clic en las im\u00e1genes para descargar<\/p>\n<p><a href=\"https:\/\/california-edit.com\/wp-content\/uploads\/2023\/08\/COGNICION_Y_DESARROLLO.pdf\" target=\"_blank\" rel=\"noopener\"><img loading=\"lazy\" decoding=\"async\" class=\"alignnone wp-image-7093 size-medium\" src=\"https:\/\/california-edit.com\/wp-content\/uploads\/2023\/08\/Cognicionydesarrollo-252x300.png\" alt=\"\" width=\"252\" height=\"300\" srcset=\"https:\/\/california-edit.com\/wp-content\/uploads\/2023\/08\/Cognicionydesarrollo-252x300.png 252w, https:\/\/california-edit.com\/wp-content\/uploads\/2023\/08\/Cognicionydesarrollo-858x1024.png 858w, https:\/\/california-edit.com\/wp-content\/uploads\/2023\/08\/Cognicionydesarrollo-768x916.png 768w, https:\/\/california-edit.com\/wp-content\/uploads\/2023\/08\/Cognicionydesarrollo-600x716.png 600w, https:\/\/california-edit.com\/wp-content\/uploads\/2023\/08\/Cognicionydesarrollo-65x78.png 65w, https:\/\/california-edit.com\/wp-content\/uploads\/2023\/08\/Cognicionydesarrollo.png 1058w\" sizes=\"auto, (max-width: 252px) 100vw, 252px\" \/><\/a><br \/>\n<a href=\"https:\/\/california-edit.com\/wp-content\/uploads\/2023\/08\/DESPUES_DE_PIAGET.pdf\" target=\"_blank\" rel=\"noopener\"><img loading=\"lazy\" decoding=\"async\" class=\"alignnone wp-image-7092 size-medium\" src=\"https:\/\/california-edit.com\/wp-content\/uploads\/2023\/08\/despuesdepiaget-239x300.png\" alt=\"\" width=\"239\" height=\"300\" srcset=\"https:\/\/california-edit.com\/wp-content\/uploads\/2023\/08\/despuesdepiaget-239x300.png 239w, https:\/\/california-edit.com\/wp-content\/uploads\/2023\/08\/despuesdepiaget-817x1024.png 817w, https:\/\/california-edit.com\/wp-content\/uploads\/2023\/08\/despuesdepiaget-768x962.png 768w, https:\/\/california-edit.com\/wp-content\/uploads\/2023\/08\/despuesdepiaget-600x752.png 600w, https:\/\/california-edit.com\/wp-content\/uploads\/2023\/08\/despuesdepiaget-65x81.png 65w, https:\/\/california-edit.com\/wp-content\/uploads\/2023\/08\/despuesdepiaget.png 1044w\" sizes=\"auto, (max-width: 239px) 100vw, 239px\" \/><\/a>[\/vc_column_text][\/vc_tta_section][\/vc_tta_accordion][\/vc_column][\/vc_row]<\/p>\n","protected":false},"excerpt":{"rendered":"<p>[vc_row][vc_column][vc_single_image image=&#8221;6868&#8243; img_size=&#8221;large&#8221; alignment=&#8221;center&#8221;][vc_single_image image=&#8221;6868&#8243; img_size=&#8221;completo&#8221;][vc_column_text] Desde que me inicie en mi vida acad\u00e9mica, en las\u00a0 pr\u00e1cticas investigativas siempre me han acompa\u00f1ado momentos de gran incertidumbre,\u00a0 que se han repetido muchas veces a lo largo de cada proyecto. Momentos en &hellip; <a href=\"https:\/\/california-edit.com\/index.php\/rebeca-puche-navarro\/\">Readmore<\/a><\/p>\n","protected":false},"author":1,"featured_media":0,"parent":0,"menu_order":0,"comment_status":"closed","ping_status":"closed","template":"","meta":{"_monsterinsights_skip_tracking":false,"_monsterinsights_sitenote_active":false,"_monsterinsights_sitenote_note":"","_monsterinsights_sitenote_category":0,"footnotes":""},"class_list":["post-6866","page","type-page","status-publish","hentry"],"yoast_head":"<!-- This site is optimized with the Yoast SEO plugin v16.6.1 - https:\/\/yoast.com\/wordpress\/plugins\/seo\/ -->\n<title>Rebeca Puche Navarro - california-edit<\/title>\n<meta name=\"robots\" content=\"index, follow, max-snippet:-1, max-image-preview:large, max-video-preview:-1\" \/>\n<link rel=\"canonical\" href=\"https:\/\/california-edit.com\/index.php\/rebeca-puche-navarro\/\" \/>\n<meta property=\"og:locale\" content=\"es_ES\" \/>\n<meta property=\"og:type\" content=\"article\" \/>\n<meta property=\"og:title\" content=\"Rebeca Puche Navarro - california-edit\" \/>\n<meta property=\"og:description\" content=\"[vc_row][vc_column][vc_single_image image=&#8221;6868&#8243; img_size=&#8221;large&#8221; alignment=&#8221;center&#8221;][vc_single_image image=&#8221;6868&#8243; img_size=&#8221;completo&#8221;][vc_column_text] Desde que me inicie en mi vida acad\u00e9mica, en las\u00a0 pr\u00e1cticas investigativas siempre me han acompa\u00f1ado momentos de gran incertidumbre,\u00a0 que se han repetido muchas veces a lo largo de cada proyecto. Momentos en &hellip; Readmore\" \/>\n<meta property=\"og:url\" content=\"https:\/\/california-edit.com\/index.php\/rebeca-puche-navarro\/\" \/>\n<meta property=\"og:site_name\" content=\"california-edit\" \/>\n<meta property=\"article:publisher\" content=\"https:\/\/www.facebook.com\/califoniaedit\/\" \/>\n<meta property=\"article:modified_time\" content=\"2023-08-08T12:37:08+00:00\" \/>\n<meta property=\"og:image\" content=\"https:\/\/california-edit.com\/wp-content\/uploads\/2023\/08\/Cognicionydesarrollo-252x300.png\" \/>\n<meta name=\"twitter:card\" content=\"summary_large_image\" \/>\n<meta name=\"twitter:label1\" content=\"Tiempo estimado de lectura\" \/>\n\t<meta name=\"twitter:data1\" content=\"1 minuto\" \/>\n<script type=\"application\/ld+json\" class=\"yoast-schema-graph\">{\"@context\":\"https:\/\/schema.org\",\"@graph\":[{\"@type\":\"Organization\",\"@id\":\"https:\/\/california-edit.com\/#organization\",\"name\":\"California edit\",\"url\":\"https:\/\/california-edit.com\/\",\"sameAs\":[\"https:\/\/www.facebook.com\/califoniaedit\/\",\"https:\/\/www.instagram.com\/californiaedit\/\"],\"logo\":{\"@type\":\"ImageObject\",\"@id\":\"https:\/\/california-edit.com\/#logo\",\"inLanguage\":\"es-CO\",\"url\":\"https:\/\/california-edit.com\/wp-content\/uploads\/2021\/07\/logo.png\",\"contentUrl\":\"https:\/\/california-edit.com\/wp-content\/uploads\/2021\/07\/logo.png\",\"width\":872,\"height\":250,\"caption\":\"California edit\"},\"image\":{\"@id\":\"https:\/\/california-edit.com\/#logo\"}},{\"@type\":\"WebSite\",\"@id\":\"https:\/\/california-edit.com\/#website\",\"url\":\"https:\/\/california-edit.com\/\",\"name\":\"california-edit\",\"description\":\"California edit es una plataforma para la creaci\\u00f3n, y divulgaci\\u00f3n de contenidos digitales.\",\"publisher\":{\"@id\":\"https:\/\/california-edit.com\/#organization\"},\"potentialAction\":[{\"@type\":\"SearchAction\",\"target\":{\"@type\":\"EntryPoint\",\"urlTemplate\":\"https:\/\/california-edit.com\/?s={search_term_string}\"},\"query-input\":\"required name=search_term_string\"}],\"inLanguage\":\"es-CO\"},{\"@type\":\"ImageObject\",\"@id\":\"https:\/\/california-edit.com\/index.php\/rebeca-puche-navarro\/#primaryimage\",\"inLanguage\":\"es-CO\",\"url\":\"https:\/\/california-edit.com\/wp-content\/uploads\/2023\/08\/Cognicionydesarrollo.png\",\"contentUrl\":\"https:\/\/california-edit.com\/wp-content\/uploads\/2023\/08\/Cognicionydesarrollo.png\",\"width\":1058,\"height\":1262},{\"@type\":\"WebPage\",\"@id\":\"https:\/\/california-edit.com\/index.php\/rebeca-puche-navarro\/#webpage\",\"url\":\"https:\/\/california-edit.com\/index.php\/rebeca-puche-navarro\/\",\"name\":\"Rebeca Puche Navarro - california-edit\",\"isPartOf\":{\"@id\":\"https:\/\/california-edit.com\/#website\"},\"primaryImageOfPage\":{\"@id\":\"https:\/\/california-edit.com\/index.php\/rebeca-puche-navarro\/#primaryimage\"},\"datePublished\":\"2021-07-23T19:39:48+00:00\",\"dateModified\":\"2023-08-08T12:37:08+00:00\",\"breadcrumb\":{\"@id\":\"https:\/\/california-edit.com\/index.php\/rebeca-puche-navarro\/#breadcrumb\"},\"inLanguage\":\"es-CO\",\"potentialAction\":[{\"@type\":\"ReadAction\",\"target\":[\"https:\/\/california-edit.com\/index.php\/rebeca-puche-navarro\/\"]}]},{\"@type\":\"BreadcrumbList\",\"@id\":\"https:\/\/california-edit.com\/index.php\/rebeca-puche-navarro\/#breadcrumb\",\"itemListElement\":[{\"@type\":\"ListItem\",\"position\":1,\"name\":\"Home\",\"item\":\"https:\/\/california-edit.com\/\"},{\"@type\":\"ListItem\",\"position\":2,\"name\":\"Rebeca Puche Navarro\"}]}]}<\/script>\n<!-- \/ Yoast SEO plugin. -->","_links":{"self":[{"href":"https:\/\/california-edit.com\/index.php\/wp-json\/wp\/v2\/pages\/6866","targetHints":{"allow":["GET"]}}],"collection":[{"href":"https:\/\/california-edit.com\/index.php\/wp-json\/wp\/v2\/pages"}],"about":[{"href":"https:\/\/california-edit.com\/index.php\/wp-json\/wp\/v2\/types\/page"}],"author":[{"embeddable":true,"href":"https:\/\/california-edit.com\/index.php\/wp-json\/wp\/v2\/users\/1"}],"replies":[{"embeddable":true,"href":"https:\/\/california-edit.com\/index.php\/wp-json\/wp\/v2\/comments?post=6866"}],"version-history":[{"count":13,"href":"https:\/\/california-edit.com\/index.php\/wp-json\/wp\/v2\/pages\/6866\/revisions"}],"predecessor-version":[{"id":7095,"href":"https:\/\/california-edit.com\/index.php\/wp-json\/wp\/v2\/pages\/6866\/revisions\/7095"}],"wp:attachment":[{"href":"https:\/\/california-edit.com\/index.php\/wp-json\/wp\/v2\/media?parent=6866"}],"curies":[{"name":"wp","href":"https:\/\/api.w.org\/{rel}","templated":true}]}}